{"id":273711,"date":"2025-03-21T15:26:12","date_gmt":"2025-03-21T14:26:12","guid":{"rendered":"https:\/\/www.elvesport.com\/?post_type=product&#038;p=273711"},"modified":"2025-04-01T09:49:09","modified_gmt":"2025-04-01T07:49:09","slug":"tricko-est1933-sk-nova-dedinka","status":"publish","type":"product","link":"https:\/\/www.elvesport.com\/en\/tricko-est1933-sk-nova-dedinka\/","title":{"rendered":"TRI\u010cKO \u0160K NOV\u00c1 DEDINKA"},"content":{"rendered":"","protected":false},"excerpt":{"rendered":"","protected":false},"featured_media":273715,"comment_status":"closed","ping_status":"closed","template":"","meta":{"_acf_changed":false},"product_brand":[],"product_cat":[3158],"product_tag":[],"class_list":{"0":"post-273711","1":"product","2":"type-product","3":"status-publish","4":"has-post-thumbnail","6":"product_cat-sk-nova-dedinka","7":"pa_color-cierna","8":"pa_material-100-algodon","9":"pa_size-3yxs","10":"pa_size-2yxs","11":"pa_size-yxs","12":"pa_size-xxs","13":"pa_size-xs","14":"pa_size-s","15":"pa_size-m","16":"pa_size-l","17":"pa_size-xl","18":"pa_size-2xl","19":"pa_size-3xl","20":"pa_size-4xl","22":"first","23":"instock","24":"taxable","25":"shipping-taxable","26":"purchasable","27":"product-type-variable"},"acf":[],"_links":{"self":[{"href":"https:\/\/www.elvesport.com\/en\/wp-json\/wp\/v2\/product\/273711","targetHints":{"allow":["GET"]}}],"collection":[{"href":"https:\/\/www.elvesport.com\/en\/wp-json\/wp\/v2\/product"}],"about":[{"href":"https:\/\/www.elvesport.com\/en\/wp-json\/wp\/v2\/types\/product"}],"replies":[{"embeddable":true,"href":"https:\/\/www.elvesport.com\/en\/wp-json\/wp\/v2\/comments?post=273711"}],"version-history":[{"count":4,"href":"https:\/\/www.elvesport.com\/en\/wp-json\/wp\/v2\/product\/273711\/revisions"}],"predecessor-version":[{"id":273830,"href":"https:\/\/www.elvesport.com\/en\/wp-json\/wp\/v2\/product\/273711\/revisions\/273830"}],"wp:featuredmedia":[{"embeddable":true,"href":"https:\/\/www.elvesport.com\/en\/wp-json\/wp\/v2\/media\/273715"}],"wp:attachment":[{"href":"https:\/\/www.elvesport.com\/en\/wp-json\/wp\/v2\/media?parent=273711"}],"wp:term":[{"taxonomy":"product_brand","embeddable":true,"href":"https:\/\/www.elvesport.com\/en\/wp-json\/wp\/v2\/product_brand?post=273711"},{"taxonomy":"product_cat","embeddable":true,"href":"https:\/\/www.elvesport.com\/en\/wp-json\/wp\/v2\/product_cat?post=273711"},{"taxonomy":"product_tag","embeddable":true,"href":"https:\/\/www.elvesport.com\/en\/wp-json\/wp\/v2\/product_tag?post=273711"}],"curies":[{"name":"wp","href":"https:\/\/api.w.org\/{rel}","templated":true}]}}