{"id":273723,"date":"2025-03-21T15:34:20","date_gmt":"2025-03-21T14:34:20","guid":{"rendered":"https:\/\/www.elvesport.com\/?post_type=product&#038;p=273723"},"modified":"2025-04-01T09:55:26","modified_gmt":"2025-04-01T07:55:26","slug":"set-academy-iv-sk-nova-dedinka","status":"publish","type":"product","link":"https:\/\/www.elvesport.com\/en\/set-academy-iv-sk-nova-dedinka\/","title":{"rendered":"SET ACADEMY IV \u0160K NOV\u00c1 DEDINKA"},"content":{"rendered":"","protected":false},"excerpt":{"rendered":"<p class=\"\" data-start=\"0\" data-end=\"39\"><strong data-start=\"0\" data-end=\"37\">Tepl\u00e1kov\u00e1 s\u00faprava \u0160K NOV\u00c1 DEDINKA<\/strong><\/p>\n<p class=\"\" data-start=\"0\" data-end=\"39\">M\u00f4\u017eete si produkt personalizova\u0165\u00a0 &#8211; vpredu na mikine aj tepl\u00e1koch prida\u0165 mal\u00e9 \u010d\u00edslo (za pr\u00edplatok 1,80 \u20ac).<\/p>\n<p class=\"\" data-start=\"178\" data-end=\"380\">\ud83d\udd39 <strong data-start=\"181\" data-end=\"207\">Ofici\u00e1lny dizajn klubu<\/strong><br data-start=\"207\" data-end=\"210\" \/>\ud83d\udd39 <strong data-start=\"213\" data-end=\"231\">Personaliz\u00e1cia<\/strong> \u2013 mal\u00e9 \u010d\u00edsla vpredu (<em data-start=\"253\" data-end=\"317\">nezabudnite ho vyplni\u0165 v poli Personaliz\u00e1cia, inak tam nebude!<\/em>)<br data-start=\"318\" data-end=\"321\" \/>\ud83d\udd39 <strong data-start=\"324\" data-end=\"345\">Kvalitn\u00fd materi\u00e1l<\/strong> \u2013 vhodn\u00fd na \u0161port aj be\u017en\u00e9 nosenie<\/p>\n","protected":false},"featured_media":273724,"comment_status":"closed","ping_status":"closed","template":"","meta":{"_acf_changed":false},"product_brand":[],"product_cat":[3158],"product_tag":[],"class_list":{"0":"post-273723","1":"product","2":"type-product","3":"status-publish","4":"has-post-thumbnail","6":"product_cat-sk-nova-dedinka","7":"pa_size-8xs","8":"pa_size-7xs","9":"pa_size-6xs","10":"pa_size-5xs","11":"pa_size-4xs","12":"pa_size-3xs","13":"pa_size-2xs","14":"pa_size-xs","15":"pa_size-s","16":"pa_size-m","17":"pa_size-l","18":"pa_size-xl","19":"pa_size-2xl","20":"pa_size-3xl","21":"pa_znacka-joma","23":"first","24":"instock","25":"taxable","26":"shipping-taxable","27":"purchasable","28":"product-type-variable"},"acf":[],"_links":{"self":[{"href":"https:\/\/www.elvesport.com\/en\/wp-json\/wp\/v2\/product\/273723","targetHints":{"allow":["GET"]}}],"collection":[{"href":"https:\/\/www.elvesport.com\/en\/wp-json\/wp\/v2\/product"}],"about":[{"href":"https:\/\/www.elvesport.com\/en\/wp-json\/wp\/v2\/types\/product"}],"replies":[{"embeddable":true,"href":"https:\/\/www.elvesport.com\/en\/wp-json\/wp\/v2\/comments?post=273723"}],"version-history":[{"count":3,"href":"https:\/\/www.elvesport.com\/en\/wp-json\/wp\/v2\/product\/273723\/revisions"}],"predecessor-version":[{"id":273985,"href":"https:\/\/www.elvesport.com\/en\/wp-json\/wp\/v2\/product\/273723\/revisions\/273985"}],"wp:featuredmedia":[{"embeddable":true,"href":"https:\/\/www.elvesport.com\/en\/wp-json\/wp\/v2\/media\/273724"}],"wp:attachment":[{"href":"https:\/\/www.elvesport.com\/en\/wp-json\/wp\/v2\/media?parent=273723"}],"wp:term":[{"taxonomy":"product_brand","embeddable":true,"href":"https:\/\/www.elvesport.com\/en\/wp-json\/wp\/v2\/product_brand?post=273723"},{"taxonomy":"product_cat","embeddable":true,"href":"https:\/\/www.elvesport.com\/en\/wp-json\/wp\/v2\/product_cat?post=273723"},{"taxonomy":"product_tag","embeddable":true,"href":"https:\/\/www.elvesport.com\/en\/wp-json\/wp\/v2\/product_tag?post=273723"}],"curies":[{"name":"wp","href":"https:\/\/api.w.org\/{rel}","templated":true}]}}