{"id":273726,"date":"2025-03-21T15:47:43","date_gmt":"2025-03-21T14:47:43","guid":{"rendered":"https:\/\/www.elvesport.com\/?post_type=product&#038;p=273726"},"modified":"2025-03-28T12:02:13","modified_gmt":"2025-03-28T11:02:13","slug":"sustakova-bunda-iris-sk-nova-dedinka","status":"publish","type":"product","link":"https:\/\/www.elvesport.com\/en\/sustakova-bunda-iris-sk-nova-dedinka\/","title":{"rendered":"\u0160U\u0160T\u00c1KOV\u00c1 BUNDA IRIS \u0160K NOV\u00c1 DEDINKA"},"content":{"rendered":"","protected":false},"excerpt":{"rendered":"<p class=\"\" data-start=\"0\" data-end=\"54\"><strong data-start=\"0\" data-end=\"52\">\u0160u\u0161t\u00e1kov\u00e1 bunda s 3D logom a mo\u017enos\u0165ou inici\u00e1lov<\/strong><\/p>\n<p class=\"\" data-start=\"56\" data-end=\"178\">\u0160u\u0161t\u00e1kov\u00e1 bunda s prec\u00edzne ob\u0161it\u00fdm 3D logom. M\u00f4\u017eete si prida\u0165 vlastn\u00e9 inici\u00e1ly, ktor\u00e9 bud\u00fa vy\u0161it\u00e9 (za pr\u00edplatok 0,90 \u20ac).<\/p>\n<p class=\"\" data-start=\"180\" data-end=\"352\">\ud83d\udd39 <strong data-start=\"183\" data-end=\"194\">3D logo<\/strong> \u2013 kvalitne ob\u0161it\u00e9<br data-start=\"212\" data-end=\"215\" \/>\ud83d\udd39 <strong data-start=\"218\" data-end=\"239\">Mo\u017enos\u0165 inici\u00e1lov<\/strong> \u2013 nezabudnite ich prida\u0165 v poli <em data-start=\"272\" data-end=\"288\">Personaliz\u00e1cia<\/em><br data-start=\"288\" data-end=\"291\" \/>\ud83d\udd39 <strong data-start=\"294\" data-end=\"321\">\u013dahk\u00fd a odoln\u00fd materi\u00e1l<\/strong> \u2013 ide\u00e1lny na tr\u00e9ningy<\/p>\n","protected":false},"featured_media":273727,"comment_status":"closed","ping_status":"closed","template":"","meta":{"_acf_changed":false},"product_brand":[],"product_cat":[3158],"product_tag":[],"class_list":{"0":"post-273726","1":"product","2":"type-product","3":"status-publish","4":"has-post-thumbnail","6":"product_cat-sk-nova-dedinka","7":"pa_color-nenovo-zelena","8":"pa_size-6xs","9":"pa_size-5xs","10":"pa_size-4xs","11":"pa_size-3xs","12":"pa_size-2xs","13":"pa_size-xs","14":"pa_size-s","15":"pa_size-m","16":"pa_size-l","17":"pa_size-xl","18":"pa_size-2xl","19":"pa_size-3xl","20":"pa_znacka-joma","22":"first","23":"instock","24":"taxable","25":"shipping-taxable","26":"purchasable","27":"product-type-variable"},"acf":[],"_links":{"self":[{"href":"https:\/\/www.elvesport.com\/en\/wp-json\/wp\/v2\/product\/273726","targetHints":{"allow":["GET"]}}],"collection":[{"href":"https:\/\/www.elvesport.com\/en\/wp-json\/wp\/v2\/product"}],"about":[{"href":"https:\/\/www.elvesport.com\/en\/wp-json\/wp\/v2\/types\/product"}],"replies":[{"embeddable":true,"href":"https:\/\/www.elvesport.com\/en\/wp-json\/wp\/v2\/comments?post=273726"}],"version-history":[{"count":3,"href":"https:\/\/www.elvesport.com\/en\/wp-json\/wp\/v2\/product\/273726\/revisions"}],"predecessor-version":[{"id":273933,"href":"https:\/\/www.elvesport.com\/en\/wp-json\/wp\/v2\/product\/273726\/revisions\/273933"}],"wp:featuredmedia":[{"embeddable":true,"href":"https:\/\/www.elvesport.com\/en\/wp-json\/wp\/v2\/media\/273727"}],"wp:attachment":[{"href":"https:\/\/www.elvesport.com\/en\/wp-json\/wp\/v2\/media?parent=273726"}],"wp:term":[{"taxonomy":"product_brand","embeddable":true,"href":"https:\/\/www.elvesport.com\/en\/wp-json\/wp\/v2\/product_brand?post=273726"},{"taxonomy":"product_cat","embeddable":true,"href":"https:\/\/www.elvesport.com\/en\/wp-json\/wp\/v2\/product_cat?post=273726"},{"taxonomy":"product_tag","embeddable":true,"href":"https:\/\/www.elvesport.com\/en\/wp-json\/wp\/v2\/product_tag?post=273726"}],"curies":[{"name":"wp","href":"https:\/\/api.w.org\/{rel}","templated":true}]}}