{"id":274433,"date":"2025-06-05T15:19:43","date_gmt":"2025-06-05T13:19:43","guid":{"rendered":"https:\/\/www.elvesport.com\/?post_type=product&#038;p=274433"},"modified":"2025-06-11T14:33:43","modified_gmt":"2025-06-11T12:33:43","slug":"lopta-joma-fifa-pro-punto17","status":"publish","type":"product","link":"https:\/\/www.elvesport.com\/en\/lopta-joma-fifa-pro-punto17\/","title":{"rendered":"LOPTA JOMA FIFA PRO GIOCO II  PUNTO17"},"content":{"rendered":"","protected":false},"excerpt":{"rendered":"<p>Ofici\u00e1lna z\u00e1pasov\u00e1 lopta rozl\u00fa\u010dkov\u00e9ho z\u00e1pasu Mareka Ham\u0161\u00edka s potla\u010dou loga PUNTO17. Vyroben\u00e1 z kvalitn\u00e9ho polyuret\u00e1nu, certifikovan\u00e1 FIFA PRO pre profesion\u00e1lne pou\u017eitie. Dostupn\u00e1 vo ve\u013ekosti 5.<\/p>\n","protected":false},"featured_media":274436,"comment_status":"closed","ping_status":"closed","template":"","meta":{"_acf_changed":false},"product_brand":[],"product_cat":[3159],"product_tag":[],"class_list":{"0":"post-274433","1":"product","2":"type-product","3":"status-publish","4":"has-post-thumbnail","6":"product_cat-punto","7":"pa_size-1635","9":"first","10":"instock","11":"taxable","12":"shipping-taxable","13":"purchasable","14":"product-type-simple"},"acf":[],"_links":{"self":[{"href":"https:\/\/www.elvesport.com\/en\/wp-json\/wp\/v2\/product\/274433","targetHints":{"allow":["GET"]}}],"collection":[{"href":"https:\/\/www.elvesport.com\/en\/wp-json\/wp\/v2\/product"}],"about":[{"href":"https:\/\/www.elvesport.com\/en\/wp-json\/wp\/v2\/types\/product"}],"replies":[{"embeddable":true,"href":"https:\/\/www.elvesport.com\/en\/wp-json\/wp\/v2\/comments?post=274433"}],"version-history":[{"count":4,"href":"https:\/\/www.elvesport.com\/en\/wp-json\/wp\/v2\/product\/274433\/revisions"}],"predecessor-version":[{"id":274583,"href":"https:\/\/www.elvesport.com\/en\/wp-json\/wp\/v2\/product\/274433\/revisions\/274583"}],"wp:featuredmedia":[{"embeddable":true,"href":"https:\/\/www.elvesport.com\/en\/wp-json\/wp\/v2\/media\/274436"}],"wp:attachment":[{"href":"https:\/\/www.elvesport.com\/en\/wp-json\/wp\/v2\/media?parent=274433"}],"wp:term":[{"taxonomy":"product_brand","embeddable":true,"href":"https:\/\/www.elvesport.com\/en\/wp-json\/wp\/v2\/product_brand?post=274433"},{"taxonomy":"product_cat","embeddable":true,"href":"https:\/\/www.elvesport.com\/en\/wp-json\/wp\/v2\/product_cat?post=274433"},{"taxonomy":"product_tag","embeddable":true,"href":"https:\/\/www.elvesport.com\/en\/wp-json\/wp\/v2\/product_tag?post=274433"}],"curies":[{"name":"wp","href":"https:\/\/api.w.org\/{rel}","templated":true}]}}