{"id":274451,"date":"2025-06-05T15:25:19","date_gmt":"2025-06-05T13:25:19","guid":{"rendered":"https:\/\/www.elvesport.com\/?post_type=product&#038;p=274451"},"modified":"2025-10-24T11:15:53","modified_gmt":"2025-10-24T09:15:53","slug":"klucenka-punto17","status":"publish","type":"product","link":"https:\/\/www.elvesport.com\/en\/klucenka-punto17\/","title":{"rendered":"K\u013d\u00da\u010cENKA PUNTO17"},"content":{"rendered":"","protected":false},"excerpt":{"rendered":"<p>\u0160t\u00fdlov\u00e1 kovov\u00e1 k\u013e\u00fa\u010denka v tvare dresu PUNTO17. Ide\u00e1lny doplnok pre ka\u017ed\u00e9ho fan\u00fa\u0161ika Mareka Ham\u0161\u00edka.<\/p>\n","protected":false},"featured_media":274435,"comment_status":"closed","ping_status":"closed","template":"","meta":{"_acf_changed":false},"product_brand":[],"product_cat":[3159],"product_tag":[],"class_list":{"0":"post-274451","1":"product","2":"type-product","3":"status-publish","4":"has-post-thumbnail","6":"product_cat-punto","8":"first","9":"instock","10":"sale","11":"taxable","12":"shipping-taxable","13":"purchasable","14":"product-type-simple"},"acf":[],"_links":{"self":[{"href":"https:\/\/www.elvesport.com\/en\/wp-json\/wp\/v2\/product\/274451","targetHints":{"allow":["GET"]}}],"collection":[{"href":"https:\/\/www.elvesport.com\/en\/wp-json\/wp\/v2\/product"}],"about":[{"href":"https:\/\/www.elvesport.com\/en\/wp-json\/wp\/v2\/types\/product"}],"replies":[{"embeddable":true,"href":"https:\/\/www.elvesport.com\/en\/wp-json\/wp\/v2\/comments?post=274451"}],"version-history":[{"count":2,"href":"https:\/\/www.elvesport.com\/en\/wp-json\/wp\/v2\/product\/274451\/revisions"}],"predecessor-version":[{"id":274584,"href":"https:\/\/www.elvesport.com\/en\/wp-json\/wp\/v2\/product\/274451\/revisions\/274584"}],"wp:featuredmedia":[{"embeddable":true,"href":"https:\/\/www.elvesport.com\/en\/wp-json\/wp\/v2\/media\/274435"}],"wp:attachment":[{"href":"https:\/\/www.elvesport.com\/en\/wp-json\/wp\/v2\/media?parent=274451"}],"wp:term":[{"taxonomy":"product_brand","embeddable":true,"href":"https:\/\/www.elvesport.com\/en\/wp-json\/wp\/v2\/product_brand?post=274451"},{"taxonomy":"product_cat","embeddable":true,"href":"https:\/\/www.elvesport.com\/en\/wp-json\/wp\/v2\/product_cat?post=274451"},{"taxonomy":"product_tag","embeddable":true,"href":"https:\/\/www.elvesport.com\/en\/wp-json\/wp\/v2\/product_tag?post=274451"}],"curies":[{"name":"wp","href":"https:\/\/api.w.org\/{rel}","templated":true}]}}