{"id":274454,"date":"2025-06-05T15:26:36","date_gmt":"2025-06-05T13:26:36","guid":{"rendered":"https:\/\/www.elvesport.com\/?post_type=product&#038;p=274454"},"modified":"2025-10-25T08:32:47","modified_gmt":"2025-10-25T06:32:47","slug":"hrncek-punto17","status":"publish","type":"product","link":"https:\/\/www.elvesport.com\/en\/hrncek-punto17\/","title":{"rendered":"HRN\u010cEK PUNTO17"},"content":{"rendered":"","protected":false},"excerpt":{"rendered":"<p>\u0160t\u00fdlov\u00fd keramick\u00fd hrn\u010dek s grafikou PUNTO17. Ide\u00e1lny na rann\u00fa k\u00e1vu alebo ako spomienka na rozl\u00fa\u010dkov\u00fd z\u00e1pas Mareka Ham\u0161\u00edka. Objem hrn\u010deka je 350ml.<\/p>\n","protected":false},"featured_media":274434,"comment_status":"closed","ping_status":"closed","template":"","meta":{"_acf_changed":false},"product_brand":[],"product_cat":[3159],"product_tag":[],"class_list":{"0":"post-274454","1":"product","2":"type-product","3":"status-publish","4":"has-post-thumbnail","6":"product_cat-punto","8":"first","9":"instock","10":"sale","11":"taxable","12":"shipping-taxable","13":"purchasable","14":"product-type-simple"},"acf":[],"_links":{"self":[{"href":"https:\/\/www.elvesport.com\/en\/wp-json\/wp\/v2\/product\/274454","targetHints":{"allow":["GET"]}}],"collection":[{"href":"https:\/\/www.elvesport.com\/en\/wp-json\/wp\/v2\/product"}],"about":[{"href":"https:\/\/www.elvesport.com\/en\/wp-json\/wp\/v2\/types\/product"}],"replies":[{"embeddable":true,"href":"https:\/\/www.elvesport.com\/en\/wp-json\/wp\/v2\/comments?post=274454"}],"version-history":[{"count":3,"href":"https:\/\/www.elvesport.com\/en\/wp-json\/wp\/v2\/product\/274454\/revisions"}],"predecessor-version":[{"id":274585,"href":"https:\/\/www.elvesport.com\/en\/wp-json\/wp\/v2\/product\/274454\/revisions\/274585"}],"wp:featuredmedia":[{"embeddable":true,"href":"https:\/\/www.elvesport.com\/en\/wp-json\/wp\/v2\/media\/274434"}],"wp:attachment":[{"href":"https:\/\/www.elvesport.com\/en\/wp-json\/wp\/v2\/media?parent=274454"}],"wp:term":[{"taxonomy":"product_brand","embeddable":true,"href":"https:\/\/www.elvesport.com\/en\/wp-json\/wp\/v2\/product_brand?post=274454"},{"taxonomy":"product_cat","embeddable":true,"href":"https:\/\/www.elvesport.com\/en\/wp-json\/wp\/v2\/product_cat?post=274454"},{"taxonomy":"product_tag","embeddable":true,"href":"https:\/\/www.elvesport.com\/en\/wp-json\/wp\/v2\/product_tag?post=274454"}],"curies":[{"name":"wp","href":"https:\/\/api.w.org\/{rel}","templated":true}]}}