{"id":274457,"date":"2025-06-05T15:28:01","date_gmt":"2025-06-05T13:28:01","guid":{"rendered":"https:\/\/www.elvesport.com\/?post_type=product&#038;p=274457"},"modified":"2025-06-06T07:38:15","modified_gmt":"2025-06-06T05:38:15","slug":"siltovka-punto17","status":"publish","type":"product","link":"https:\/\/www.elvesport.com\/en\/siltovka-punto17\/","title":{"rendered":"\u0160ILTOVKA PUNTO17"},"content":{"rendered":"","protected":false},"excerpt":{"rendered":"<p>\u0160t\u00fdlov\u00e1 trucker \u0161iltovka s logom PUNTO17. Vzadu priedu\u0161n\u00e1 sie\u0165ka a nastavite\u013en\u00e9 plastov\u00e9 zap\u00ednanie pre pohodln\u00e9 nosenie. Perfektn\u00fd doplnok pre ka\u017ed\u00e9ho fan\u00fa\u0161ika Mareka Ham\u0161\u00edka.<\/p>\n","protected":false},"featured_media":274441,"comment_status":"closed","ping_status":"closed","template":"","meta":{"_acf_changed":false},"product_brand":[],"product_cat":[3159],"product_tag":[],"class_list":{"0":"post-274457","1":"product","2":"type-product","3":"status-publish","4":"has-post-thumbnail","6":"product_cat-punto","8":"first","9":"instock","10":"taxable","11":"shipping-taxable","12":"purchasable","13":"product-type-simple"},"acf":[],"_links":{"self":[{"href":"https:\/\/www.elvesport.com\/en\/wp-json\/wp\/v2\/product\/274457","targetHints":{"allow":["GET"]}}],"collection":[{"href":"https:\/\/www.elvesport.com\/en\/wp-json\/wp\/v2\/product"}],"about":[{"href":"https:\/\/www.elvesport.com\/en\/wp-json\/wp\/v2\/types\/product"}],"replies":[{"embeddable":true,"href":"https:\/\/www.elvesport.com\/en\/wp-json\/wp\/v2\/comments?post=274457"}],"version-history":[{"count":3,"href":"https:\/\/www.elvesport.com\/en\/wp-json\/wp\/v2\/product\/274457\/revisions"}],"predecessor-version":[{"id":274587,"href":"https:\/\/www.elvesport.com\/en\/wp-json\/wp\/v2\/product\/274457\/revisions\/274587"}],"wp:featuredmedia":[{"embeddable":true,"href":"https:\/\/www.elvesport.com\/en\/wp-json\/wp\/v2\/media\/274441"}],"wp:attachment":[{"href":"https:\/\/www.elvesport.com\/en\/wp-json\/wp\/v2\/media?parent=274457"}],"wp:term":[{"taxonomy":"product_brand","embeddable":true,"href":"https:\/\/www.elvesport.com\/en\/wp-json\/wp\/v2\/product_brand?post=274457"},{"taxonomy":"product_cat","embeddable":true,"href":"https:\/\/www.elvesport.com\/en\/wp-json\/wp\/v2\/product_cat?post=274457"},{"taxonomy":"product_tag","embeddable":true,"href":"https:\/\/www.elvesport.com\/en\/wp-json\/wp\/v2\/product_tag?post=274457"}],"curies":[{"name":"wp","href":"https:\/\/api.w.org\/{rel}","templated":true}]}}