{"id":274459,"date":"2025-06-05T15:34:04","date_gmt":"2025-06-05T13:34:04","guid":{"rendered":"https:\/\/www.elvesport.com\/?post_type=product&#038;p=274459"},"modified":"2026-03-09T15:58:35","modified_gmt":"2026-03-09T14:58:35","slug":"mikina-punto17","status":"publish","type":"product","link":"https:\/\/www.elvesport.com\/en\/mikina-punto17\/","title":{"rendered":"MIKINA PUNTO17"},"content":{"rendered":"","protected":false},"excerpt":{"rendered":"<p>Pohodln\u00e1 unisex mikina s ikonick\u00fdm logom PUNTO17. Kvalitn\u00fd materi\u00e1l, pr\u00edjemn\u00fd strih \u2013 ide\u00e1lna ako suven\u00edr z rozl\u00fa\u010dkov\u00e9ho z\u00e1pasu Mareka Ham\u0161\u00edka.<\/p>\n","protected":false},"featured_media":304144,"comment_status":"closed","ping_status":"closed","template":"","meta":{"_acf_changed":false},"product_brand":[],"product_cat":[3159],"product_tag":[],"class_list":{"0":"post-274459","1":"product","2":"type-product","3":"status-publish","4":"has-post-thumbnail","6":"product_cat-punto","7":"pa_size-xs","8":"pa_size-s","9":"pa_size-m","10":"pa_size-l","11":"pa_size-xl","12":"pa_size-2xl","13":"pa_size-3xl","15":"first","16":"instock","17":"taxable","18":"shipping-taxable","19":"purchasable","20":"product-type-variable"},"acf":[],"_links":{"self":[{"href":"https:\/\/www.elvesport.com\/en\/wp-json\/wp\/v2\/product\/274459","targetHints":{"allow":["GET"]}}],"collection":[{"href":"https:\/\/www.elvesport.com\/en\/wp-json\/wp\/v2\/product"}],"about":[{"href":"https:\/\/www.elvesport.com\/en\/wp-json\/wp\/v2\/types\/product"}],"replies":[{"embeddable":true,"href":"https:\/\/www.elvesport.com\/en\/wp-json\/wp\/v2\/comments?post=274459"}],"version-history":[{"count":3,"href":"https:\/\/www.elvesport.com\/en\/wp-json\/wp\/v2\/product\/274459\/revisions"}],"predecessor-version":[{"id":274595,"href":"https:\/\/www.elvesport.com\/en\/wp-json\/wp\/v2\/product\/274459\/revisions\/274595"}],"wp:featuredmedia":[{"embeddable":true,"href":"https:\/\/www.elvesport.com\/en\/wp-json\/wp\/v2\/media\/304144"}],"wp:attachment":[{"href":"https:\/\/www.elvesport.com\/en\/wp-json\/wp\/v2\/media?parent=274459"}],"wp:term":[{"taxonomy":"product_brand","embeddable":true,"href":"https:\/\/www.elvesport.com\/en\/wp-json\/wp\/v2\/product_brand?post=274459"},{"taxonomy":"product_cat","embeddable":true,"href":"https:\/\/www.elvesport.com\/en\/wp-json\/wp\/v2\/product_cat?post=274459"},{"taxonomy":"product_tag","embeddable":true,"href":"https:\/\/www.elvesport.com\/en\/wp-json\/wp\/v2\/product_tag?post=274459"}],"curies":[{"name":"wp","href":"https:\/\/api.w.org\/{rel}","templated":true}]}}