{"id":274461,"date":"2025-06-05T15:36:00","date_gmt":"2025-06-05T13:36:00","guid":{"rendered":"https:\/\/www.elvesport.com\/?post_type=product&#038;p=274461"},"modified":"2026-03-09T15:59:16","modified_gmt":"2026-03-09T14:59:16","slug":"tricko-biele-punto17","status":"publish","type":"product","link":"https:\/\/www.elvesport.com\/en\/tricko-biele-punto17\/","title":{"rendered":"TRI\u010cKO BIELE PUNTO17"},"content":{"rendered":"","protected":false},"excerpt":{"rendered":"<p data-start=\"114\" data-end=\"188\"><span class=\"relative -mx-px my-[-0.2rem] rounded px-px py-[0.2rem] transition-colors duration-100 ease-in-out\">Biele tri\u010dko s potla\u010dou PUNTO17. Pohodln\u00fd strih a kvalitn\u00fd materi\u00e1l zaru\u010duj\u00fa komfort pri nosen\u00ed. Ide\u00e1lny suven\u00edr z rozl\u00fa\u010dkov\u00e9ho z\u00e1pasu Mareka Ham\u0161\u00edka.<\/span><\/p>\n","protected":false},"featured_media":304147,"comment_status":"closed","ping_status":"closed","template":"","meta":{"_acf_changed":false},"product_brand":[],"product_cat":[3159],"product_tag":[],"class_list":{"0":"post-274461","1":"product","2":"type-product","3":"status-publish","4":"has-post-thumbnail","6":"product_cat-punto","7":"pa_color-biela","8":"pa_material-100-algodon","9":"pa_size-3yxs","10":"pa_size-2yxs","11":"pa_size-yxs","12":"pa_size-xxs","13":"pa_size-xs","14":"pa_size-s","15":"pa_size-m","16":"pa_size-l","17":"pa_size-xl","18":"pa_size-2xl","19":"pa_size-3xl","20":"pa_size-4xl","22":"first","23":"instock","24":"sale","25":"taxable","26":"shipping-taxable","27":"purchasable","28":"product-type-variable"},"acf":[],"_links":{"self":[{"href":"https:\/\/www.elvesport.com\/en\/wp-json\/wp\/v2\/product\/274461","targetHints":{"allow":["GET"]}}],"collection":[{"href":"https:\/\/www.elvesport.com\/en\/wp-json\/wp\/v2\/product"}],"about":[{"href":"https:\/\/www.elvesport.com\/en\/wp-json\/wp\/v2\/types\/product"}],"replies":[{"embeddable":true,"href":"https:\/\/www.elvesport.com\/en\/wp-json\/wp\/v2\/comments?post=274461"}],"version-history":[{"count":5,"href":"https:\/\/www.elvesport.com\/en\/wp-json\/wp\/v2\/product\/274461\/revisions"}],"predecessor-version":[{"id":304143,"href":"https:\/\/www.elvesport.com\/en\/wp-json\/wp\/v2\/product\/274461\/revisions\/304143"}],"wp:featuredmedia":[{"embeddable":true,"href":"https:\/\/www.elvesport.com\/en\/wp-json\/wp\/v2\/media\/304147"}],"wp:attachment":[{"href":"https:\/\/www.elvesport.com\/en\/wp-json\/wp\/v2\/media?parent=274461"}],"wp:term":[{"taxonomy":"product_brand","embeddable":true,"href":"https:\/\/www.elvesport.com\/en\/wp-json\/wp\/v2\/product_brand?post=274461"},{"taxonomy":"product_cat","embeddable":true,"href":"https:\/\/www.elvesport.com\/en\/wp-json\/wp\/v2\/product_cat?post=274461"},{"taxonomy":"product_tag","embeddable":true,"href":"https:\/\/www.elvesport.com\/en\/wp-json\/wp\/v2\/product_tag?post=274461"}],"curies":[{"name":"wp","href":"https:\/\/api.w.org\/{rel}","templated":true}]}}