{"id":274468,"date":"2025-06-05T15:43:27","date_gmt":"2025-06-05T13:43:27","guid":{"rendered":"https:\/\/www.elvesport.com\/?post_type=product&#038;p=274468"},"modified":"2026-03-09T15:53:38","modified_gmt":"2026-03-09T14:53:38","slug":"dres-tmavo-modry-punto17","status":"publish","type":"product","link":"https:\/\/www.elvesport.com\/en\/dres-tmavo-modry-punto17\/","title":{"rendered":"DRES TMAVO MODR\u00dd PUNTO17"},"content":{"rendered":"","protected":false},"excerpt":{"rendered":"<p>Ofici\u00e1lny tmavomodr\u00fd dres z rozl\u00fa\u010dkov\u00e9ho z\u00e1pasu Mareka Ham\u0161\u00edka. Kvalitn\u00fd materi\u00e1l a pohodln\u00fd strih zaru\u010duj\u00fa komfort pri nosen\u00ed. Ide\u00e1lny suven\u00edr pre ka\u017ed\u00e9ho fan\u00fa\u0161ika.<\/p>\n","protected":false},"featured_media":274440,"comment_status":"closed","ping_status":"closed","template":"","meta":{"_acf_changed":false},"product_brand":[],"product_cat":[3159],"product_tag":[],"class_list":{"0":"post-274468","1":"product","2":"type-product","3":"status-publish","4":"has-post-thumbnail","6":"product_cat-punto","7":"pa_color-tmavomodra","8":"pa_material-100-poliester","9":"pa_size-8xs-7xs","10":"pa_size-6xs-5xs","11":"pa_size-4xs-3xs","12":"pa_size-2xs","13":"pa_size-xs","14":"pa_size-s","15":"pa_size-m","16":"pa_size-l","17":"pa_size-xl","18":"pa_size-2xl3xl","20":"first","21":"instock","22":"taxable","23":"shipping-taxable","24":"purchasable","25":"product-type-variable"},"acf":[],"_links":{"self":[{"href":"https:\/\/www.elvesport.com\/en\/wp-json\/wp\/v2\/product\/274468","targetHints":{"allow":["GET"]}}],"collection":[{"href":"https:\/\/www.elvesport.com\/en\/wp-json\/wp\/v2\/product"}],"about":[{"href":"https:\/\/www.elvesport.com\/en\/wp-json\/wp\/v2\/types\/product"}],"replies":[{"embeddable":true,"href":"https:\/\/www.elvesport.com\/en\/wp-json\/wp\/v2\/comments?post=274468"}],"version-history":[{"count":5,"href":"https:\/\/www.elvesport.com\/en\/wp-json\/wp\/v2\/product\/274468\/revisions"}],"predecessor-version":[{"id":299634,"href":"https:\/\/www.elvesport.com\/en\/wp-json\/wp\/v2\/product\/274468\/revisions\/299634"}],"wp:featuredmedia":[{"embeddable":true,"href":"https:\/\/www.elvesport.com\/en\/wp-json\/wp\/v2\/media\/274440"}],"wp:attachment":[{"href":"https:\/\/www.elvesport.com\/en\/wp-json\/wp\/v2\/media?parent=274468"}],"wp:term":[{"taxonomy":"product_brand","embeddable":true,"href":"https:\/\/www.elvesport.com\/en\/wp-json\/wp\/v2\/product_brand?post=274468"},{"taxonomy":"product_cat","embeddable":true,"href":"https:\/\/www.elvesport.com\/en\/wp-json\/wp\/v2\/product_cat?post=274468"},{"taxonomy":"product_tag","embeddable":true,"href":"https:\/\/www.elvesport.com\/en\/wp-json\/wp\/v2\/product_tag?post=274468"}],"curies":[{"name":"wp","href":"https:\/\/api.w.org\/{rel}","templated":true}]}}