{"id":300522,"date":"2025-09-01T19:41:39","date_gmt":"2025-09-01T17:41:39","guid":{"rendered":"https:\/\/www.elvesport.com\/?post_type=product&#038;p=300522"},"modified":"2025-09-01T19:45:15","modified_gmt":"2025-09-01T17:45:15","slug":"damske-tricko-stonewash-patrioti-levice-26","status":"publish","type":"product","link":"https:\/\/www.elvesport.com\/en\/damske-tricko-stonewash-patrioti-levice-26\/","title":{"rendered":"D\u00c1MSKE TRI\u010cKO STONEWASH PATRIOTI LEVICE 26"},"content":{"rendered":"","protected":false},"excerpt":{"rendered":"<p>POZOR, na v\u00fdber spr\u00e1vnej ve\u013ekosti. Tri\u010dk\u00e1 s\u00fa strihu OVERSIZE, to znamen\u00e1 v\u00e4\u010d\u0161ie ako v klasick\u00fdch strihoch. Odpor\u00fa\u010dame si pozrie\u0165 sprievodcu ve\u013ekos\u0165ami.<\/p>\n","protected":false},"featured_media":300467,"comment_status":"closed","ping_status":"closed","template":"","meta":{"_acf_changed":false},"product_brand":[],"product_cat":[2610],"product_tag":[],"class_list":{"0":"post-300522","1":"product","2":"type-product","3":"status-publish","4":"has-post-thumbnail","6":"product_cat-bk-patrioti-levice","7":"pa_material-100-algodon","8":"pa_size-xs","9":"pa_size-s","10":"pa_size-m","11":"pa_size-l","12":"pa_size-xl","13":"pa_size-2xl","14":"pa_size-3xl","15":"pa_size-4xl","17":"first","18":"instock","19":"taxable","20":"shipping-taxable","21":"purchasable","22":"product-type-variable"},"acf":[],"_links":{"self":[{"href":"https:\/\/www.elvesport.com\/en\/wp-json\/wp\/v2\/product\/300522","targetHints":{"allow":["GET"]}}],"collection":[{"href":"https:\/\/www.elvesport.com\/en\/wp-json\/wp\/v2\/product"}],"about":[{"href":"https:\/\/www.elvesport.com\/en\/wp-json\/wp\/v2\/types\/product"}],"replies":[{"embeddable":true,"href":"https:\/\/www.elvesport.com\/en\/wp-json\/wp\/v2\/comments?post=300522"}],"version-history":[{"count":1,"href":"https:\/\/www.elvesport.com\/en\/wp-json\/wp\/v2\/product\/300522\/revisions"}],"predecessor-version":[{"id":300539,"href":"https:\/\/www.elvesport.com\/en\/wp-json\/wp\/v2\/product\/300522\/revisions\/300539"}],"wp:featuredmedia":[{"embeddable":true,"href":"https:\/\/www.elvesport.com\/en\/wp-json\/wp\/v2\/media\/300467"}],"wp:attachment":[{"href":"https:\/\/www.elvesport.com\/en\/wp-json\/wp\/v2\/media?parent=300522"}],"wp:term":[{"taxonomy":"product_brand","embeddable":true,"href":"https:\/\/www.elvesport.com\/en\/wp-json\/wp\/v2\/product_brand?post=300522"},{"taxonomy":"product_cat","embeddable":true,"href":"https:\/\/www.elvesport.com\/en\/wp-json\/wp\/v2\/product_cat?post=300522"},{"taxonomy":"product_tag","embeddable":true,"href":"https:\/\/www.elvesport.com\/en\/wp-json\/wp\/v2\/product_tag?post=300522"}],"curies":[{"name":"wp","href":"https:\/\/api.w.org\/{rel}","templated":true}]}}