{"id":302069,"date":"2025-12-01T18:22:55","date_gmt":"2025-12-01T17:22:55","guid":{"rendered":"https:\/\/www.elvesport.com\/?post_type=product&#038;p=302069"},"modified":"2025-12-01T18:22:55","modified_gmt":"2025-12-01T17:22:55","slug":"vlajka-150x100cm-pruhovana-patrioti-levice","status":"publish","type":"product","link":"https:\/\/www.elvesport.com\/en\/vlajka-150x100cm-pruhovana-patrioti-levice\/","title":{"rendered":"VLAJKA 150x100cm PRUHOVAN\u00c1 PATRIOTI LEVICE"},"content":{"rendered":"","protected":false},"excerpt":{"rendered":"<p data-start=\"98\" data-end=\"230\">L\u00e1tkov\u00e1 sublimovan\u00e1 vlajka s horizont\u00e1lnymi \u017elto-zelen\u00fdmi pruhmi a centr\u00e1lnym logom Patriotov.<br data-start=\"192\" data-end=\"195\" \/>Na bo\u010dnej strane m\u00e1 tunel na ty\u010dku.<\/p>\n<p data-start=\"232\" data-end=\"247\"><strong data-start=\"232\" data-end=\"247\">Vlastnosti:<\/strong><\/p>\n<ul data-start=\"248\" data-end=\"358\">\n<li data-start=\"248\" data-end=\"282\">\n<p data-start=\"250\" data-end=\"282\">horizont\u00e1lne \u017elto-zelen\u00e9 pruhy<\/p>\n<\/li>\n<li data-start=\"283\" data-end=\"310\">\n<p data-start=\"285\" data-end=\"310\">logo Patriotov v strede<\/p>\n<\/li>\n<li data-start=\"311\" data-end=\"333\">\n<p data-start=\"313\" data-end=\"333\">sublimovan\u00e1 potla\u010d<\/p>\n<\/li>\n<li data-start=\"334\" data-end=\"358\">\n<p data-start=\"336\" data-end=\"358\">bo\u010dn\u00fd tunel na ty\u010dku<\/p>\n<\/li>\n<\/ul>\n","protected":false},"featured_media":302049,"comment_status":"closed","ping_status":"closed","template":"","meta":{"_acf_changed":false},"product_brand":[],"product_cat":[2610],"product_tag":[],"class_list":{"0":"post-302069","1":"product","2":"type-product","3":"status-publish","4":"has-post-thumbnail","6":"product_cat-bk-patrioti-levice","8":"first","9":"instock","10":"taxable","11":"shipping-taxable","12":"purchasable","13":"product-type-simple"},"acf":[],"_links":{"self":[{"href":"https:\/\/www.elvesport.com\/en\/wp-json\/wp\/v2\/product\/302069","targetHints":{"allow":["GET"]}}],"collection":[{"href":"https:\/\/www.elvesport.com\/en\/wp-json\/wp\/v2\/product"}],"about":[{"href":"https:\/\/www.elvesport.com\/en\/wp-json\/wp\/v2\/types\/product"}],"replies":[{"embeddable":true,"href":"https:\/\/www.elvesport.com\/en\/wp-json\/wp\/v2\/comments?post=302069"}],"version-history":[{"count":2,"href":"https:\/\/www.elvesport.com\/en\/wp-json\/wp\/v2\/product\/302069\/revisions"}],"predecessor-version":[{"id":302071,"href":"https:\/\/www.elvesport.com\/en\/wp-json\/wp\/v2\/product\/302069\/revisions\/302071"}],"wp:featuredmedia":[{"embeddable":true,"href":"https:\/\/www.elvesport.com\/en\/wp-json\/wp\/v2\/media\/302049"}],"wp:attachment":[{"href":"https:\/\/www.elvesport.com\/en\/wp-json\/wp\/v2\/media?parent=302069"}],"wp:term":[{"taxonomy":"product_brand","embeddable":true,"href":"https:\/\/www.elvesport.com\/en\/wp-json\/wp\/v2\/product_brand?post=302069"},{"taxonomy":"product_cat","embeddable":true,"href":"https:\/\/www.elvesport.com\/en\/wp-json\/wp\/v2\/product_cat?post=302069"},{"taxonomy":"product_tag","embeddable":true,"href":"https:\/\/www.elvesport.com\/en\/wp-json\/wp\/v2\/product_tag?post=302069"}],"curies":[{"name":"wp","href":"https:\/\/api.w.org\/{rel}","templated":true}]}}