{"id":302072,"date":"2024-07-25T18:29:16","date_gmt":"2024-07-25T16:29:16","guid":{"rendered":"https:\/\/www.elvesport.com\/?post_type=product&#038;p=302072"},"modified":"2026-03-10T11:20:47","modified_gmt":"2026-03-10T10:20:47","slug":"cestovna-taska-patrioti-levice","status":"publish","type":"product","link":"https:\/\/www.elvesport.com\/en\/cestovna-taska-patrioti-levice\/","title":{"rendered":"CESTOVN\u00c1 TA\u0160KA PATRIOTI LEVICE"},"content":{"rendered":"","protected":false},"excerpt":{"rendered":"<p>Multifunk\u010dn\u00e1 ta\u0161ka z odoln\u00e9ho 300D RPET materi\u00e1lu s mel\u00edrovan\u00fdm vzh\u013eadom. M\u00e1 30-litrov\u00fa kapacitu, hlavn\u00e9 a predn\u00e9 vrecko na zips, bo\u010dn\u00e9 sie\u0165ov\u00e9 vrecko a nastavite\u013en\u00fd ramenn\u00fd popruh. Doplnen\u00e1 logom Patriotov. Ide\u00e1lna na cestovanie aj tr\u00e9ningy.<\/p>\n","protected":false},"featured_media":302073,"comment_status":"closed","ping_status":"closed","template":"","meta":{"_acf_changed":false},"product_brand":[],"product_cat":[2610],"product_tag":[],"class_list":{"0":"post-302072","1":"product","2":"type-product","3":"status-publish","4":"has-post-thumbnail","6":"product_cat-bk-patrioti-levice","8":"first","9":"instock","10":"taxable","11":"shipping-taxable","12":"purchasable","13":"product-type-simple"},"acf":[],"_links":{"self":[{"href":"https:\/\/www.elvesport.com\/en\/wp-json\/wp\/v2\/product\/302072","targetHints":{"allow":["GET"]}}],"collection":[{"href":"https:\/\/www.elvesport.com\/en\/wp-json\/wp\/v2\/product"}],"about":[{"href":"https:\/\/www.elvesport.com\/en\/wp-json\/wp\/v2\/types\/product"}],"replies":[{"embeddable":true,"href":"https:\/\/www.elvesport.com\/en\/wp-json\/wp\/v2\/comments?post=302072"}],"version-history":[{"count":1,"href":"https:\/\/www.elvesport.com\/en\/wp-json\/wp\/v2\/product\/302072\/revisions"}],"predecessor-version":[{"id":302076,"href":"https:\/\/www.elvesport.com\/en\/wp-json\/wp\/v2\/product\/302072\/revisions\/302076"}],"wp:featuredmedia":[{"embeddable":true,"href":"https:\/\/www.elvesport.com\/en\/wp-json\/wp\/v2\/media\/302073"}],"wp:attachment":[{"href":"https:\/\/www.elvesport.com\/en\/wp-json\/wp\/v2\/media?parent=302072"}],"wp:term":[{"taxonomy":"product_brand","embeddable":true,"href":"https:\/\/www.elvesport.com\/en\/wp-json\/wp\/v2\/product_brand?post=302072"},{"taxonomy":"product_cat","embeddable":true,"href":"https:\/\/www.elvesport.com\/en\/wp-json\/wp\/v2\/product_cat?post=302072"},{"taxonomy":"product_tag","embeddable":true,"href":"https:\/\/www.elvesport.com\/en\/wp-json\/wp\/v2\/product_tag?post=302072"}],"curies":[{"name":"wp","href":"https:\/\/api.w.org\/{rel}","templated":true}]}}