{"id":302226,"date":"2025-12-02T12:01:52","date_gmt":"2025-12-02T11:01:52","guid":{"rendered":"https:\/\/www.elvesport.com\/?post_type=product&#038;p=302226"},"modified":"2025-12-02T15:50:42","modified_gmt":"2025-12-02T14:50:42","slug":"hrncek-fery-fk-dukla-praha-330ml","status":"publish","type":"product","link":"https:\/\/www.elvesport.com\/en\/hrncek-fery-fk-dukla-praha-330ml\/","title":{"rendered":"HRN\u010cEK FERY FK DUKLA PRAHA 330ml"},"content":{"rendered":"","protected":false},"excerpt":{"rendered":"<p>Keramick\u00fd hrn\u010dek s vesel\u00fdm maskotom Ferym a logom FK Dukla Praha. Mil\u00fd dar\u010dek pre mal\u00fdch aj ve\u013ek\u00fdch fan\u00fa\u0161ikov. Origin\u00e1lny klubov\u00fd k\u00fasok, ktor\u00fd spr\u00edjemn\u00ed ka\u017ed\u00fd de\u0148.<\/p>\n","protected":false},"featured_media":302158,"comment_status":"closed","ping_status":"closed","template":"","meta":{"_acf_changed":false},"product_brand":[],"product_cat":[3351],"product_tag":[],"class_list":{"0":"post-302226","1":"product","2":"type-product","3":"status-publish","4":"has-post-thumbnail","6":"product_cat-fk-dukla-praha","8":"first","9":"instock","10":"taxable","11":"shipping-taxable","12":"purchasable","13":"product-type-simple"},"acf":[],"_links":{"self":[{"href":"https:\/\/www.elvesport.com\/en\/wp-json\/wp\/v2\/product\/302226","targetHints":{"allow":["GET"]}}],"collection":[{"href":"https:\/\/www.elvesport.com\/en\/wp-json\/wp\/v2\/product"}],"about":[{"href":"https:\/\/www.elvesport.com\/en\/wp-json\/wp\/v2\/types\/product"}],"replies":[{"embeddable":true,"href":"https:\/\/www.elvesport.com\/en\/wp-json\/wp\/v2\/comments?post=302226"}],"version-history":[{"count":2,"href":"https:\/\/www.elvesport.com\/en\/wp-json\/wp\/v2\/product\/302226\/revisions"}],"predecessor-version":[{"id":302559,"href":"https:\/\/www.elvesport.com\/en\/wp-json\/wp\/v2\/product\/302226\/revisions\/302559"}],"wp:featuredmedia":[{"embeddable":true,"href":"https:\/\/www.elvesport.com\/en\/wp-json\/wp\/v2\/media\/302158"}],"wp:attachment":[{"href":"https:\/\/www.elvesport.com\/en\/wp-json\/wp\/v2\/media?parent=302226"}],"wp:term":[{"taxonomy":"product_brand","embeddable":true,"href":"https:\/\/www.elvesport.com\/en\/wp-json\/wp\/v2\/product_brand?post=302226"},{"taxonomy":"product_cat","embeddable":true,"href":"https:\/\/www.elvesport.com\/en\/wp-json\/wp\/v2\/product_cat?post=302226"},{"taxonomy":"product_tag","embeddable":true,"href":"https:\/\/www.elvesport.com\/en\/wp-json\/wp\/v2\/product_tag?post=302226"}],"curies":[{"name":"wp","href":"https:\/\/api.w.org\/{rel}","templated":true}]}}