{"id":302228,"date":"2025-12-02T12:18:44","date_gmt":"2025-12-02T11:18:44","guid":{"rendered":"https:\/\/www.elvesport.com\/?post_type=product&#038;p=302228"},"modified":"2025-12-03T13:21:10","modified_gmt":"2025-12-03T12:21:10","slug":"klobuk-fk-dukla-praha","status":"publish","type":"product","link":"https:\/\/www.elvesport.com\/en\/klobuk-fk-dukla-praha\/","title":{"rendered":"KLOB\u00daK FK DUKLA PRAHA"},"content":{"rendered":"","protected":false},"excerpt":{"rendered":"<p>\u010cierny bucket hat s elegantn\u00fdm riflov\u00fdm efektom a logom FK Dukla Praha. Modern\u00fd doplnok, ktor\u00fd sp\u00e1ja streetwear vzh\u013ead s klubovou atmosf\u00e9rou.<\/p>\n","protected":false},"featured_media":302161,"comment_status":"closed","ping_status":"closed","template":"","meta":{"_acf_changed":false},"product_brand":[],"product_cat":[3351],"product_tag":[],"class_list":{"0":"post-302228","1":"product","2":"type-product","3":"status-publish","4":"has-post-thumbnail","6":"product_cat-fk-dukla-praha","8":"first","9":"instock","10":"taxable","11":"shipping-taxable","12":"purchasable","13":"product-type-simple"},"acf":[],"_links":{"self":[{"href":"https:\/\/www.elvesport.com\/en\/wp-json\/wp\/v2\/product\/302228","targetHints":{"allow":["GET"]}}],"collection":[{"href":"https:\/\/www.elvesport.com\/en\/wp-json\/wp\/v2\/product"}],"about":[{"href":"https:\/\/www.elvesport.com\/en\/wp-json\/wp\/v2\/types\/product"}],"replies":[{"embeddable":true,"href":"https:\/\/www.elvesport.com\/en\/wp-json\/wp\/v2\/comments?post=302228"}],"version-history":[{"count":3,"href":"https:\/\/www.elvesport.com\/en\/wp-json\/wp\/v2\/product\/302228\/revisions"}],"predecessor-version":[{"id":302753,"href":"https:\/\/www.elvesport.com\/en\/wp-json\/wp\/v2\/product\/302228\/revisions\/302753"}],"wp:featuredmedia":[{"embeddable":true,"href":"https:\/\/www.elvesport.com\/en\/wp-json\/wp\/v2\/media\/302161"}],"wp:attachment":[{"href":"https:\/\/www.elvesport.com\/en\/wp-json\/wp\/v2\/media?parent=302228"}],"wp:term":[{"taxonomy":"product_brand","embeddable":true,"href":"https:\/\/www.elvesport.com\/en\/wp-json\/wp\/v2\/product_brand?post=302228"},{"taxonomy":"product_cat","embeddable":true,"href":"https:\/\/www.elvesport.com\/en\/wp-json\/wp\/v2\/product_cat?post=302228"},{"taxonomy":"product_tag","embeddable":true,"href":"https:\/\/www.elvesport.com\/en\/wp-json\/wp\/v2\/product_tag?post=302228"}],"curies":[{"name":"wp","href":"https:\/\/api.w.org\/{rel}","templated":true}]}}