{"id":302242,"date":"2025-12-02T12:31:21","date_gmt":"2025-12-02T11:31:21","guid":{"rendered":"https:\/\/www.elvesport.com\/?post_type=product&#038;p=302242"},"modified":"2025-12-03T13:18:27","modified_gmt":"2025-12-03T12:18:27","slug":"detske-body-fery-fk-dukla-praha","status":"publish","type":"product","link":"https:\/\/www.elvesport.com\/en\/detske-body-fery-fk-dukla-praha\/","title":{"rendered":"DETSK\u00c9 BODY FERY FK DUKLA PRAHA"},"content":{"rendered":"<p>200g\/m\u00b2, 100% \u010desan\u00e1\u00a0<span class=\"lexicon-tooltip border-b border-black border-dotted\">bio bavlna<\/span><\/p>\n<p>Prekr\u00fdvaj\u00faci sa okr\u00fahly v\u00fdstrih, lemovanie na v\u00fdstrihu, ruk\u00e1voch a nohaviciach, 3 patentky t\u00f3n v t\u00f3ne v rozkroku, bezniklov\u00e9 patentky, m\u00e4kk\u00fd pru\u017en\u00fd materi\u00e1l, \u0161t\u00edtok<\/p>\n","protected":false},"excerpt":{"rendered":"<p data-start=\"184\" data-end=\"420\">Roztomil\u00e9 detsk\u00e9 body s maskotom Ferym, ob\u013e\u00fabenou postavi\u010dkou FK Dukla Praha. M\u00e4kk\u00e1 a pohodln\u00e1 BIO BAVLNA zabezpe\u010d\u00ed pr\u00edjemn\u00e9 nosenie aj t\u00fdm najmen\u0161\u00edm fan\u00fa\u0161ikom. Ide\u00e1lne na be\u017en\u00fd de\u0148 aj ako mil\u00fd dar\u010dek pre mal\u00e9ho futbalistu \u010di futbalistku.<\/p>\n","protected":false},"featured_media":302253,"comment_status":"closed","ping_status":"closed","template":"","meta":{"_acf_changed":false},"product_brand":[],"product_cat":[3351],"product_tag":[],"class_list":{"0":"post-302242","1":"product","2":"type-product","3":"status-publish","4":"has-post-thumbnail","6":"product_cat-fk-dukla-praha","7":"pa_color-bordova","8":"pa_material-100-algodon","9":"pa_size-0-3-mes","10":"pa_size-3-6-mes","11":"pa_size-6-12-mes","12":"pa_size-12-18-mes-2","14":"first","15":"instock","16":"taxable","17":"shipping-taxable","18":"purchasable","19":"product-type-variable"},"acf":[],"_links":{"self":[{"href":"https:\/\/www.elvesport.com\/en\/wp-json\/wp\/v2\/product\/302242","targetHints":{"allow":["GET"]}}],"collection":[{"href":"https:\/\/www.elvesport.com\/en\/wp-json\/wp\/v2\/product"}],"about":[{"href":"https:\/\/www.elvesport.com\/en\/wp-json\/wp\/v2\/types\/product"}],"replies":[{"embeddable":true,"href":"https:\/\/www.elvesport.com\/en\/wp-json\/wp\/v2\/comments?post=302242"}],"version-history":[{"count":3,"href":"https:\/\/www.elvesport.com\/en\/wp-json\/wp\/v2\/product\/302242\/revisions"}],"predecessor-version":[{"id":302247,"href":"https:\/\/www.elvesport.com\/en\/wp-json\/wp\/v2\/product\/302242\/revisions\/302247"}],"wp:featuredmedia":[{"embeddable":true,"href":"https:\/\/www.elvesport.com\/en\/wp-json\/wp\/v2\/media\/302253"}],"wp:attachment":[{"href":"https:\/\/www.elvesport.com\/en\/wp-json\/wp\/v2\/media?parent=302242"}],"wp:term":[{"taxonomy":"product_brand","embeddable":true,"href":"https:\/\/www.elvesport.com\/en\/wp-json\/wp\/v2\/product_brand?post=302242"},{"taxonomy":"product_cat","embeddable":true,"href":"https:\/\/www.elvesport.com\/en\/wp-json\/wp\/v2\/product_cat?post=302242"},{"taxonomy":"product_tag","embeddable":true,"href":"https:\/\/www.elvesport.com\/en\/wp-json\/wp\/v2\/product_tag?post=302242"}],"curies":[{"name":"wp","href":"https:\/\/api.w.org\/{rel}","templated":true}]}}