{"id":302256,"date":"2025-12-02T12:50:10","date_gmt":"2025-12-02T11:50:10","guid":{"rendered":"https:\/\/www.elvesport.com\/?post_type=product&#038;p=302256"},"modified":"2025-12-03T13:20:14","modified_gmt":"2025-12-03T12:20:14","slug":"detska-mikina-fery-fk-dukla-praha","status":"publish","type":"product","link":"https:\/\/www.elvesport.com\/en\/detska-mikina-fery-fk-dukla-praha\/","title":{"rendered":"DETSK\u00c1 MIKINA FERY FK DUKLA PRAHA"},"content":{"rendered":"<pre class=\"tw-data-text tw-text-large tw-ta\" dir=\"ltr\" tabindex=\"-1\" role=\"text\" data-placeholder=\"Preklad\" data-ved=\"2ahUKEwi1qpaz556RAxWGRPEDHZWkF-wQ3ewLegQIDBAW\" aria-label=\"Prelo\u017een\u00fd text: 280g\/m\u00b2, 81% certifikovan\u00e1 bio bavlna, 19% recyklovan\u00fd polyester (rPET), organick\u00e1 bavlna alebo v premene na organick\u00fa (IC 2)\"><span class=\"Y2IQFc\" lang=\"sk\">280g\/m\u00b2, 81% certifikovan\u00e1 bio bavlna, 19% recyklovan\u00fd polyester (rPET), organick\u00e1 bavlna alebo v premene na organick\u00fa (IC 2)\r\n<\/span><\/pre>\n<pre id=\"tw-target-text\" class=\"tw-data-text tw-text-large tw-ta\" dir=\"ltr\" tabindex=\"-1\" role=\"text\" data-placeholder=\"Preklad\" data-ved=\"2ahUKEwi1qpaz556RAxWGRPEDHZWkF-wQ3ewLegQIDBAW\" aria-label=\"Prelo\u017een\u00fd text: dvojvrstvov\u00e1 kapuc\u0148a, rebrovan\u00e9 man\u017eety na ruk\u00e1voch a leme, \u010desan\u00e1 vn\u00fatorn\u00e1 strana, \u0161t\u00edtok TearAway, prate\u013en\u00e9 na 40 \u00b0, nemo\u017eno su\u0161i\u0165 v su\u0161i\u010dke, nemo\u017eno chemicky \u010disti\u0165\"><span class=\"Y2IQFc\" lang=\"sk\">Dvojvrstvov\u00e1 kapuc\u0148a, rebrovan\u00e9 man\u017eety na ruk\u00e1voch a leme, \u010desan\u00e1 vn\u00fatorn\u00e1 strana, prate\u013en\u00e9 na 40 \u00b0, nemo\u017eno su\u0161i\u0165 v su\u0161i\u010dke, nemo\u017eno chemicky \u010disti\u0165<\/span><\/pre>\n<pre id=\"tw-target-text\" class=\"tw-data-text tw-text-large tw-ta\" dir=\"ltr\" tabindex=\"-1\" role=\"text\" data-placeholder=\"Preklad\" data-ved=\"2ahUKEwi1qpaz556RAxWGRPEDHZWkF-wQ3ewLegQIDBAW\" aria-label=\"Prelo\u017een\u00fd text: 280g\/m\u00b2, 81% certifikovan\u00e1 bio bavlna, 19% recyklovan\u00fd polyester (rPET), organick\u00e1 bavlna alebo v premene na organick\u00fa (IC 2)\"><span class=\"Y2IQFc\" lang=\"sk\">\u00a0<\/span><\/pre>\n","protected":false},"excerpt":{"rendered":"<p data-start=\"700\" data-end=\"905\">M\u00e4kk\u00e1 a hrejiv\u00e1 detsk\u00e1 mikina s maskotom Ferym prinesie rados\u0165 v\u0161etk\u00fdm mal\u00fdm fan\u00fa\u0161ikom FK Dukla Praha. Ide\u00e1lna na chladnej\u0161ie dni, s pohodln\u00fdm strihom a odolnou potla\u010dou, ktor\u00e1 zvl\u00e1dne ka\u017ed\u00e9 dobrodru\u017estvo.<\/p>\n","protected":false},"featured_media":302134,"comment_status":"closed","ping_status":"closed","template":"","meta":{"_acf_changed":false},"product_brand":[],"product_cat":[3351],"product_tag":[],"class_list":{"0":"post-302256","1":"product","2":"type-product","3":"status-publish","4":"has-post-thumbnail","6":"product_cat-fk-dukla-praha","7":"pa_color-tmavomodra","8":"pa_color-siva","9":"pa_size-6-12-mes","10":"pa_size-12-18-mes-2","11":"pa_size-18-24-mes","13":"first","14":"instock","15":"taxable","16":"shipping-taxable","17":"purchasable","18":"product-type-variable"},"acf":[],"_links":{"self":[{"href":"https:\/\/www.elvesport.com\/en\/wp-json\/wp\/v2\/product\/302256","targetHints":{"allow":["GET"]}}],"collection":[{"href":"https:\/\/www.elvesport.com\/en\/wp-json\/wp\/v2\/product"}],"about":[{"href":"https:\/\/www.elvesport.com\/en\/wp-json\/wp\/v2\/types\/product"}],"replies":[{"embeddable":true,"href":"https:\/\/www.elvesport.com\/en\/wp-json\/wp\/v2\/comments?post=302256"}],"version-history":[{"count":1,"href":"https:\/\/www.elvesport.com\/en\/wp-json\/wp\/v2\/product\/302256\/revisions"}],"predecessor-version":[{"id":302263,"href":"https:\/\/www.elvesport.com\/en\/wp-json\/wp\/v2\/product\/302256\/revisions\/302263"}],"wp:featuredmedia":[{"embeddable":true,"href":"https:\/\/www.elvesport.com\/en\/wp-json\/wp\/v2\/media\/302134"}],"wp:attachment":[{"href":"https:\/\/www.elvesport.com\/en\/wp-json\/wp\/v2\/media?parent=302256"}],"wp:term":[{"taxonomy":"product_brand","embeddable":true,"href":"https:\/\/www.elvesport.com\/en\/wp-json\/wp\/v2\/product_brand?post=302256"},{"taxonomy":"product_cat","embeddable":true,"href":"https:\/\/www.elvesport.com\/en\/wp-json\/wp\/v2\/product_cat?post=302256"},{"taxonomy":"product_tag","embeddable":true,"href":"https:\/\/www.elvesport.com\/en\/wp-json\/wp\/v2\/product_tag?post=302256"}],"curies":[{"name":"wp","href":"https:\/\/api.w.org\/{rel}","templated":true}]}}