{"id":302265,"date":"2025-12-02T12:59:07","date_gmt":"2025-12-02T11:59:07","guid":{"rendered":"https:\/\/www.elvesport.com\/?post_type=product&#038;p=302265"},"modified":"2025-12-03T13:19:10","modified_gmt":"2025-12-03T12:19:10","slug":"detske-tricko-fery-fk-dukla-praha","status":"publish","type":"product","link":"https:\/\/www.elvesport.com\/en\/detske-tricko-fery-fk-dukla-praha\/","title":{"rendered":"DETSK\u00c9 TRI\u010cKO FERY FK DUKLA PRAHA"},"content":{"rendered":"<p>200g\/m\u00b2, 100% certifikovan\u00e1\u00a0<span class=\"lexicon-tooltip border-b border-black border-dotted\">bio bavlna<\/span><\/p>\n<p>2 patentky t\u00f3n v t\u00f3ne na ramene, bezniklov\u00e9 patentky, m\u00e4kk\u00fd pru\u017en\u00fd materi\u00e1l,, nemo\u017eno su\u0161i\u0165 v su\u0161i\u010dke, nemo\u017eno chemicky \u010disti\u0165<\/p>\n","protected":false},"excerpt":{"rendered":"<p data-start=\"457\" data-end=\"663\">Pohodln\u00e9 detsk\u00e9 tri\u010dko s vesel\u00fdm maskotom Ferym, ktor\u00fd pote\u0161\u00ed ka\u017ed\u00e9ho mal\u00e9ho priaznivca FK Dukla Praha. Kvalitn\u00e1 potla\u010d a pr\u00edjemn\u00fd materi\u00e1l robia z tri\u010dka skvel\u00fd k\u00fasok na ihrisko, do \u0161k\u00f4lky aj na vo\u013en\u00fd \u010das.<\/p>\n","protected":false},"featured_media":302143,"comment_status":"closed","ping_status":"closed","template":"","meta":{"_acf_changed":false},"product_brand":[],"product_cat":[3351],"product_tag":[],"class_list":{"0":"post-302265","1":"product","2":"type-product","3":"status-publish","4":"has-post-thumbnail","6":"product_cat-fk-dukla-praha","7":"pa_color-bordova","8":"pa_material-100-algodon-organico","9":"pa_size-0-3-mes","10":"pa_size-3-6-mes","11":"pa_size-6-12-mes","12":"pa_size-12-18-mes-2","13":"pa_size-18-24-mes","15":"first","16":"instock","17":"taxable","18":"shipping-taxable","19":"purchasable","20":"product-type-variable"},"acf":[],"_links":{"self":[{"href":"https:\/\/www.elvesport.com\/en\/wp-json\/wp\/v2\/product\/302265","targetHints":{"allow":["GET"]}}],"collection":[{"href":"https:\/\/www.elvesport.com\/en\/wp-json\/wp\/v2\/product"}],"about":[{"href":"https:\/\/www.elvesport.com\/en\/wp-json\/wp\/v2\/types\/product"}],"replies":[{"embeddable":true,"href":"https:\/\/www.elvesport.com\/en\/wp-json\/wp\/v2\/comments?post=302265"}],"version-history":[{"count":2,"href":"https:\/\/www.elvesport.com\/en\/wp-json\/wp\/v2\/product\/302265\/revisions"}],"predecessor-version":[{"id":302752,"href":"https:\/\/www.elvesport.com\/en\/wp-json\/wp\/v2\/product\/302265\/revisions\/302752"}],"wp:featuredmedia":[{"embeddable":true,"href":"https:\/\/www.elvesport.com\/en\/wp-json\/wp\/v2\/media\/302143"}],"wp:attachment":[{"href":"https:\/\/www.elvesport.com\/en\/wp-json\/wp\/v2\/media?parent=302265"}],"wp:term":[{"taxonomy":"product_brand","embeddable":true,"href":"https:\/\/www.elvesport.com\/en\/wp-json\/wp\/v2\/product_brand?post=302265"},{"taxonomy":"product_cat","embeddable":true,"href":"https:\/\/www.elvesport.com\/en\/wp-json\/wp\/v2\/product_cat?post=302265"},{"taxonomy":"product_tag","embeddable":true,"href":"https:\/\/www.elvesport.com\/en\/wp-json\/wp\/v2\/product_tag?post=302265"}],"curies":[{"name":"wp","href":"https:\/\/api.w.org\/{rel}","templated":true}]}}