{"id":302336,"date":"2025-12-02T13:55:43","date_gmt":"2025-12-02T12:55:43","guid":{"rendered":"https:\/\/www.elvesport.com\/?post_type=product&#038;p=302336"},"modified":"2025-12-03T13:22:20","modified_gmt":"2025-12-03T12:22:20","slug":"mikina-dukelska-krev-fk-dukla-praha","status":"publish","type":"product","link":"https:\/\/www.elvesport.com\/en\/mikina-dukelska-krev-fk-dukla-praha\/","title":{"rendered":"MIKINA DUKELSK\u00c1 KREV FK DUKLA PRAHA"},"content":{"rendered":"<p>280g\/m\u00b2, 80% prstencov\u00e1 bavlna, 20% recyklovan\u00fd\u00a0<span class=\"lexicon-tooltip border-b border-black border-dotted\">polyester<\/span><\/p>\n<p>Pod\u0161it\u00e1 kapuc\u0148a so \u0161n\u00farkou, polmesiacov\u00e1 pods\u00e1dka na krku, kr\u010dn\u00e1 lemovka, vsaden\u00e9 ruk\u00e1vy, rebrovan\u00e9 man\u017eety na ruk\u00e1voch a leme, klokanie vrecko, kovov\u00e9 o\u010dk\u00e1, vn\u00fatri po\u010desan\u00e9, prate\u013en\u00e9 na 40 \u00b0, nemo\u017eno su\u0161i\u0165 v su\u0161i\u010dke<\/p>\n","protected":false},"excerpt":{"rendered":"<p>Mikina s v\u00fdrazn\u00fdm klubov\u00fdm mot\u00edvom pre fan\u00fa\u0161ikov, ktor\u00ed chc\u00fa uk\u00e1za\u0165 svoju podporu naplno. \u0160t\u00fdlov\u00e1 a pr\u00edjemn\u00e1 na nosenie.<\/p>\n","protected":false},"featured_media":302146,"comment_status":"closed","ping_status":"closed","template":"","meta":{"_acf_changed":false},"product_brand":[],"product_cat":[3351],"product_tag":[],"class_list":{"0":"post-302336","1":"product","2":"type-product","3":"status-publish","4":"has-post-thumbnail","6":"product_cat-fk-dukla-praha","7":"pa_color-zlta","8":"pa_color-cierna","9":"pa_color-bordova","10":"pa_size-xs","11":"pa_size-s","12":"pa_size-m","13":"pa_size-l","14":"pa_size-xl","15":"pa_size-2xl","16":"pa_size-3xl","18":"first","19":"instock","20":"taxable","21":"shipping-taxable","22":"purchasable","23":"product-type-variable"},"acf":[],"_links":{"self":[{"href":"https:\/\/www.elvesport.com\/en\/wp-json\/wp\/v2\/product\/302336","targetHints":{"allow":["GET"]}}],"collection":[{"href":"https:\/\/www.elvesport.com\/en\/wp-json\/wp\/v2\/product"}],"about":[{"href":"https:\/\/www.elvesport.com\/en\/wp-json\/wp\/v2\/types\/product"}],"replies":[{"embeddable":true,"href":"https:\/\/www.elvesport.com\/en\/wp-json\/wp\/v2\/comments?post=302336"}],"version-history":[{"count":3,"href":"https:\/\/www.elvesport.com\/en\/wp-json\/wp\/v2\/product\/302336\/revisions"}],"predecessor-version":[{"id":302360,"href":"https:\/\/www.elvesport.com\/en\/wp-json\/wp\/v2\/product\/302336\/revisions\/302360"}],"wp:featuredmedia":[{"embeddable":true,"href":"https:\/\/www.elvesport.com\/en\/wp-json\/wp\/v2\/media\/302146"}],"wp:attachment":[{"href":"https:\/\/www.elvesport.com\/en\/wp-json\/wp\/v2\/media?parent=302336"}],"wp:term":[{"taxonomy":"product_brand","embeddable":true,"href":"https:\/\/www.elvesport.com\/en\/wp-json\/wp\/v2\/product_brand?post=302336"},{"taxonomy":"product_cat","embeddable":true,"href":"https:\/\/www.elvesport.com\/en\/wp-json\/wp\/v2\/product_cat?post=302336"},{"taxonomy":"product_tag","embeddable":true,"href":"https:\/\/www.elvesport.com\/en\/wp-json\/wp\/v2\/product_tag?post=302336"}],"curies":[{"name":"wp","href":"https:\/\/api.w.org\/{rel}","templated":true}]}}