{"id":302515,"date":"2025-12-02T15:38:40","date_gmt":"2025-12-02T14:38:40","guid":{"rendered":"https:\/\/www.elvesport.com\/?post_type=product&#038;p=302515"},"modified":"2025-12-02T15:43:32","modified_gmt":"2025-12-02T14:43:32","slug":"tricko-classic-fk-dukla-praha","status":"publish","type":"product","link":"https:\/\/www.elvesport.com\/en\/tricko-classic-fk-dukla-praha\/","title":{"rendered":"TRI\u010cKO CLASSIC FK DUKLA PRAHA"},"content":{"rendered":"<p>185g\/m\u00b2, 100%\u00a0 bavlna<\/p>\n","protected":false},"excerpt":{"rendered":"<p>Kvalitn\u00e9 a pohodln\u00e9 tri\u010dko s \u010dist\u00fdm dukl\u00e1ckym dizajnom. Ide\u00e1lne na ka\u017edodenn\u00e9 nosenie pre fan\u00fa\u0161ikov, ktor\u00ed preferuj\u00fa jednoduch\u00fd a modern\u00fd \u0161t\u00fdl.<\/p>\n","protected":false},"featured_media":302197,"comment_status":"closed","ping_status":"closed","template":"","meta":{"_acf_changed":false},"product_brand":[],"product_cat":[3351],"product_tag":[],"class_list":{"0":"post-302515","1":"product","2":"type-product","3":"status-publish","4":"has-post-thumbnail","6":"product_cat-fk-dukla-praha","7":"pa_color-zlta","8":"pa_color-bordova","9":"pa_size-3yxs","10":"pa_size-2yxs","11":"pa_size-yxs","12":"pa_size-xxs","13":"pa_size-xs","14":"pa_size-s","15":"pa_size-m","16":"pa_size-l","17":"pa_size-xl","18":"pa_size-2xl","19":"pa_size-3xl","20":"pa_size-4xl","21":"pa_size-5xl","23":"first","24":"instock","25":"taxable","26":"shipping-taxable","27":"purchasable","28":"product-type-variable"},"acf":[],"_links":{"self":[{"href":"https:\/\/www.elvesport.com\/en\/wp-json\/wp\/v2\/product\/302515","targetHints":{"allow":["GET"]}}],"collection":[{"href":"https:\/\/www.elvesport.com\/en\/wp-json\/wp\/v2\/product"}],"about":[{"href":"https:\/\/www.elvesport.com\/en\/wp-json\/wp\/v2\/types\/product"}],"replies":[{"embeddable":true,"href":"https:\/\/www.elvesport.com\/en\/wp-json\/wp\/v2\/comments?post=302515"}],"version-history":[{"count":1,"href":"https:\/\/www.elvesport.com\/en\/wp-json\/wp\/v2\/product\/302515\/revisions"}],"predecessor-version":[{"id":302558,"href":"https:\/\/www.elvesport.com\/en\/wp-json\/wp\/v2\/product\/302515\/revisions\/302558"}],"wp:featuredmedia":[{"embeddable":true,"href":"https:\/\/www.elvesport.com\/en\/wp-json\/wp\/v2\/media\/302197"}],"wp:attachment":[{"href":"https:\/\/www.elvesport.com\/en\/wp-json\/wp\/v2\/media?parent=302515"}],"wp:term":[{"taxonomy":"product_brand","embeddable":true,"href":"https:\/\/www.elvesport.com\/en\/wp-json\/wp\/v2\/product_brand?post=302515"},{"taxonomy":"product_cat","embeddable":true,"href":"https:\/\/www.elvesport.com\/en\/wp-json\/wp\/v2\/product_cat?post=302515"},{"taxonomy":"product_tag","embeddable":true,"href":"https:\/\/www.elvesport.com\/en\/wp-json\/wp\/v2\/product_tag?post=302515"}],"curies":[{"name":"wp","href":"https:\/\/api.w.org\/{rel}","templated":true}]}}