{"id":302659,"date":"2025-12-02T16:14:45","date_gmt":"2025-12-02T15:14:45","guid":{"rendered":"https:\/\/www.elvesport.com\/?post_type=product&#038;p=302659"},"modified":"2025-12-02T16:14:47","modified_gmt":"2025-12-02T15:14:47","slug":"kovova-klucenka-viktoria-zizkov","status":"publish","type":"product","link":"https:\/\/www.elvesport.com\/en\/kovova-klucenka-viktoria-zizkov\/","title":{"rendered":"KOVOV\u00c1 KL\u00da\u010cENKA VIKTORIA \u017dI\u017dKOV"},"content":{"rendered":"","protected":false},"excerpt":{"rendered":"<p>Elegantn\u00e1 kovov\u00e1 k\u013e\u00fa\u010denka s klubov\u00fdm mot\u00edvom. Mal\u00fd, praktick\u00fd doplnok pre ka\u017ed\u00e9ho fan\u00fa\u0161ika.<\/p>\n","protected":false},"featured_media":302597,"comment_status":"closed","ping_status":"closed","template":"","meta":{"_acf_changed":false},"product_brand":[],"product_cat":[3358],"product_tag":[],"class_list":{"0":"post-302659","1":"product","2":"type-product","3":"status-publish","4":"has-post-thumbnail","6":"product_cat-fk-viktoria-zizkov","8":"first","9":"instock","10":"taxable","11":"shipping-taxable","12":"purchasable","13":"product-type-simple"},"acf":[],"_links":{"self":[{"href":"https:\/\/www.elvesport.com\/en\/wp-json\/wp\/v2\/product\/302659","targetHints":{"allow":["GET"]}}],"collection":[{"href":"https:\/\/www.elvesport.com\/en\/wp-json\/wp\/v2\/product"}],"about":[{"href":"https:\/\/www.elvesport.com\/en\/wp-json\/wp\/v2\/types\/product"}],"replies":[{"embeddable":true,"href":"https:\/\/www.elvesport.com\/en\/wp-json\/wp\/v2\/comments?post=302659"}],"version-history":[{"count":1,"href":"https:\/\/www.elvesport.com\/en\/wp-json\/wp\/v2\/product\/302659\/revisions"}],"predecessor-version":[{"id":302660,"href":"https:\/\/www.elvesport.com\/en\/wp-json\/wp\/v2\/product\/302659\/revisions\/302660"}],"wp:featuredmedia":[{"embeddable":true,"href":"https:\/\/www.elvesport.com\/en\/wp-json\/wp\/v2\/media\/302597"}],"wp:attachment":[{"href":"https:\/\/www.elvesport.com\/en\/wp-json\/wp\/v2\/media?parent=302659"}],"wp:term":[{"taxonomy":"product_brand","embeddable":true,"href":"https:\/\/www.elvesport.com\/en\/wp-json\/wp\/v2\/product_brand?post=302659"},{"taxonomy":"product_cat","embeddable":true,"href":"https:\/\/www.elvesport.com\/en\/wp-json\/wp\/v2\/product_cat?post=302659"},{"taxonomy":"product_tag","embeddable":true,"href":"https:\/\/www.elvesport.com\/en\/wp-json\/wp\/v2\/product_tag?post=302659"}],"curies":[{"name":"wp","href":"https:\/\/api.w.org\/{rel}","templated":true}]}}