{"id":302664,"date":"2025-12-02T16:17:58","date_gmt":"2025-12-02T15:17:58","guid":{"rendered":"https:\/\/www.elvesport.com\/?post_type=product&#038;p=302664"},"modified":"2025-12-02T16:17:59","modified_gmt":"2025-12-02T15:17:59","slug":"hrncek-viktoria-zizkov-330ml","status":"publish","type":"product","link":"https:\/\/www.elvesport.com\/en\/hrncek-viktoria-zizkov-330ml\/","title":{"rendered":"HRN\u010cEK VIKTORIA \u017dI\u017dKOV 330ml"},"content":{"rendered":"","protected":false},"excerpt":{"rendered":"<p>Klasick\u00fd keramick\u00fd hrn\u010dek s mot\u00edvom \u017di\u017ekova. Ide\u00e1lny na k\u00e1vu, \u010daj alebo ako dar\u010dek.<\/p>\n","protected":false},"featured_media":302594,"comment_status":"closed","ping_status":"closed","template":"","meta":{"_acf_changed":false},"product_brand":[],"product_cat":[3358],"product_tag":[],"class_list":{"0":"post-302664","1":"product","2":"type-product","3":"status-publish","4":"has-post-thumbnail","6":"product_cat-fk-viktoria-zizkov","8":"first","9":"instock","10":"taxable","11":"shipping-taxable","12":"purchasable","13":"product-type-simple"},"acf":[],"_links":{"self":[{"href":"https:\/\/www.elvesport.com\/en\/wp-json\/wp\/v2\/product\/302664","targetHints":{"allow":["GET"]}}],"collection":[{"href":"https:\/\/www.elvesport.com\/en\/wp-json\/wp\/v2\/product"}],"about":[{"href":"https:\/\/www.elvesport.com\/en\/wp-json\/wp\/v2\/types\/product"}],"replies":[{"embeddable":true,"href":"https:\/\/www.elvesport.com\/en\/wp-json\/wp\/v2\/comments?post=302664"}],"version-history":[{"count":2,"href":"https:\/\/www.elvesport.com\/en\/wp-json\/wp\/v2\/product\/302664\/revisions"}],"predecessor-version":[{"id":302666,"href":"https:\/\/www.elvesport.com\/en\/wp-json\/wp\/v2\/product\/302664\/revisions\/302666"}],"wp:featuredmedia":[{"embeddable":true,"href":"https:\/\/www.elvesport.com\/en\/wp-json\/wp\/v2\/media\/302594"}],"wp:attachment":[{"href":"https:\/\/www.elvesport.com\/en\/wp-json\/wp\/v2\/media?parent=302664"}],"wp:term":[{"taxonomy":"product_brand","embeddable":true,"href":"https:\/\/www.elvesport.com\/en\/wp-json\/wp\/v2\/product_brand?post=302664"},{"taxonomy":"product_cat","embeddable":true,"href":"https:\/\/www.elvesport.com\/en\/wp-json\/wp\/v2\/product_cat?post=302664"},{"taxonomy":"product_tag","embeddable":true,"href":"https:\/\/www.elvesport.com\/en\/wp-json\/wp\/v2\/product_tag?post=302664"}],"curies":[{"name":"wp","href":"https:\/\/api.w.org\/{rel}","templated":true}]}}