{"id":302667,"date":"2025-12-02T16:19:20","date_gmt":"2025-12-02T15:19:20","guid":{"rendered":"https:\/\/www.elvesport.com\/?post_type=product&#038;p=302667"},"modified":"2025-12-02T16:19:40","modified_gmt":"2025-12-02T15:19:40","slug":"podsedak-fk-viktoria-zizkov","status":"publish","type":"product","link":"https:\/\/www.elvesport.com\/en\/podsedak-fk-viktoria-zizkov\/","title":{"rendered":"PODSED\u00c1K FK VIKTORIA \u017dI\u017dKOV"},"content":{"rendered":"","protected":false},"excerpt":{"rendered":"<p>Praktick\u00fd podsed\u00e1k s mot\u00edvom Viktorie \u017di\u017ekov. Perfektn\u00fd na trib\u00fany aj v\u00fdlety.<\/p>\n","protected":false},"featured_media":302621,"comment_status":"closed","ping_status":"closed","template":"","meta":{"_acf_changed":false},"product_brand":[],"product_cat":[3358],"product_tag":[],"class_list":{"0":"post-302667","1":"product","2":"type-product","3":"status-publish","4":"has-post-thumbnail","6":"product_cat-fk-viktoria-zizkov","8":"first","9":"instock","10":"taxable","11":"shipping-taxable","12":"purchasable","13":"product-type-simple"},"acf":[],"_links":{"self":[{"href":"https:\/\/www.elvesport.com\/en\/wp-json\/wp\/v2\/product\/302667","targetHints":{"allow":["GET"]}}],"collection":[{"href":"https:\/\/www.elvesport.com\/en\/wp-json\/wp\/v2\/product"}],"about":[{"href":"https:\/\/www.elvesport.com\/en\/wp-json\/wp\/v2\/types\/product"}],"replies":[{"embeddable":true,"href":"https:\/\/www.elvesport.com\/en\/wp-json\/wp\/v2\/comments?post=302667"}],"version-history":[{"count":2,"href":"https:\/\/www.elvesport.com\/en\/wp-json\/wp\/v2\/product\/302667\/revisions"}],"predecessor-version":[{"id":302669,"href":"https:\/\/www.elvesport.com\/en\/wp-json\/wp\/v2\/product\/302667\/revisions\/302669"}],"wp:featuredmedia":[{"embeddable":true,"href":"https:\/\/www.elvesport.com\/en\/wp-json\/wp\/v2\/media\/302621"}],"wp:attachment":[{"href":"https:\/\/www.elvesport.com\/en\/wp-json\/wp\/v2\/media?parent=302667"}],"wp:term":[{"taxonomy":"product_brand","embeddable":true,"href":"https:\/\/www.elvesport.com\/en\/wp-json\/wp\/v2\/product_brand?post=302667"},{"taxonomy":"product_cat","embeddable":true,"href":"https:\/\/www.elvesport.com\/en\/wp-json\/wp\/v2\/product_cat?post=302667"},{"taxonomy":"product_tag","embeddable":true,"href":"https:\/\/www.elvesport.com\/en\/wp-json\/wp\/v2\/product_tag?post=302667"}],"curies":[{"name":"wp","href":"https:\/\/api.w.org\/{rel}","templated":true}]}}