{"id":302701,"date":"2025-12-02T16:41:04","date_gmt":"2025-12-02T15:41:04","guid":{"rendered":"https:\/\/www.elvesport.com\/?post_type=product&#038;p=302701"},"modified":"2025-12-05T04:08:38","modified_gmt":"2025-12-05T03:08:38","slug":"mikina-zizkov-viktoria-zizkov","status":"publish","type":"product","link":"https:\/\/www.elvesport.com\/en\/mikina-zizkov-viktoria-zizkov\/","title":{"rendered":"MIKINA \u017dI\u017dKOV VIKTORIA \u017dI\u017dKOV \u010cIERNA"},"content":{"rendered":"<p>280g\/m\u00b2, 80% prstencov\u00e1 bavlna, 20% recyklovan\u00fd\u00a0<span class=\"lexicon-tooltip border-b border-black border-dotted\">polyester<\/span><\/p>\n<p>Pod\u0161it\u00e1 kapuc\u0148a so \u0161n\u00farkou, polmesiacov\u00e1 pods\u00e1dka na krku, kr\u010dn\u00e1 lemovka, vsaden\u00e9 ruk\u00e1vy, rebrovan\u00e9 man\u017eety na ruk\u00e1voch a leme, klokanie vrecko, kovov\u00e9 o\u010dk\u00e1, vn\u00fatri po\u010desan\u00e9, prate\u013en\u00e9 na 40 \u00b0, nemo\u017eno su\u0161i\u0165 v su\u0161i\u010dke<\/p>\n","protected":false},"excerpt":{"rendered":"<p data-start=\"1037\" data-end=\"1160\">Mikina s v\u00fdrazn\u00fdm \u017ei\u017ekovsk\u00fdm mot\u00edvom pre fan\u00fa\u0161ikov, ktor\u00ed chc\u00fa uk\u00e1za\u0165 svoju identitu naplno.<\/p>\n","protected":false},"featured_media":302733,"comment_status":"closed","ping_status":"closed","template":"","meta":{"_acf_changed":false},"product_brand":[],"product_cat":[3358],"product_tag":[],"class_list":{"0":"post-302701","1":"product","2":"type-product","3":"status-publish","4":"has-post-thumbnail","6":"product_cat-fk-viktoria-zizkov","7":"pa_color-cierna","8":"pa_size-3yxs","9":"pa_size-2yxs","10":"pa_size-yxs","11":"pa_size-xxs","12":"pa_size-xs","13":"pa_size-s","14":"pa_size-m","15":"pa_size-l","16":"pa_size-xl","17":"pa_size-2xl","18":"pa_size-3xl","19":"pa_size-4xl","20":"pa_size-5xl","22":"first","23":"instock","24":"taxable","25":"shipping-taxable","26":"purchasable","27":"product-type-variable"},"acf":[],"_links":{"self":[{"href":"https:\/\/www.elvesport.com\/en\/wp-json\/wp\/v2\/product\/302701","targetHints":{"allow":["GET"]}}],"collection":[{"href":"https:\/\/www.elvesport.com\/en\/wp-json\/wp\/v2\/product"}],"about":[{"href":"https:\/\/www.elvesport.com\/en\/wp-json\/wp\/v2\/types\/product"}],"replies":[{"embeddable":true,"href":"https:\/\/www.elvesport.com\/en\/wp-json\/wp\/v2\/comments?post=302701"}],"version-history":[{"count":4,"href":"https:\/\/www.elvesport.com\/en\/wp-json\/wp\/v2\/product\/302701\/revisions"}],"predecessor-version":[{"id":302809,"href":"https:\/\/www.elvesport.com\/en\/wp-json\/wp\/v2\/product\/302701\/revisions\/302809"}],"wp:featuredmedia":[{"embeddable":true,"href":"https:\/\/www.elvesport.com\/en\/wp-json\/wp\/v2\/media\/302733"}],"wp:attachment":[{"href":"https:\/\/www.elvesport.com\/en\/wp-json\/wp\/v2\/media?parent=302701"}],"wp:term":[{"taxonomy":"product_brand","embeddable":true,"href":"https:\/\/www.elvesport.com\/en\/wp-json\/wp\/v2\/product_brand?post=302701"},{"taxonomy":"product_cat","embeddable":true,"href":"https:\/\/www.elvesport.com\/en\/wp-json\/wp\/v2\/product_cat?post=302701"},{"taxonomy":"product_tag","embeddable":true,"href":"https:\/\/www.elvesport.com\/en\/wp-json\/wp\/v2\/product_tag?post=302701"}],"curies":[{"name":"wp","href":"https:\/\/api.w.org\/{rel}","templated":true}]}}