{"id":303428,"date":"2026-02-10T09:17:41","date_gmt":"2026-02-10T08:17:41","guid":{"rendered":"https:\/\/www.elvesport.com\/?post_type=product&#038;p=303428"},"modified":"2026-02-12T10:30:19","modified_gmt":"2026-02-12T09:30:19","slug":"batoh-estadio-iii-fk-raca","status":"publish","type":"product","link":"https:\/\/www.elvesport.com\/en\/batoh-estadio-iii-fk-raca\/","title":{"rendered":"BATOH ESTADIO III FK RA\u010cA"},"content":{"rendered":"","protected":false},"excerpt":{"rendered":"<p>Batoh ESTADIO pre klub FK RA\u010cA s ob\u0161it\u00fdm logom klubu na prednej strane<\/p>\n","protected":false},"featured_media":246543,"comment_status":"closed","ping_status":"closed","template":"","meta":{"_acf_changed":false},"product_brand":[],"product_cat":[3363],"product_tag":[],"class_list":{"0":"post-303428","1":"product","2":"type-product","3":"status-publish","4":"has-post-thumbnail","6":"product_cat-fk_raca","8":"first","9":"instock","10":"taxable","11":"shipping-taxable","12":"purchasable","13":"product-type-simple"},"acf":[],"_links":{"self":[{"href":"https:\/\/www.elvesport.com\/en\/wp-json\/wp\/v2\/product\/303428","targetHints":{"allow":["GET"]}}],"collection":[{"href":"https:\/\/www.elvesport.com\/en\/wp-json\/wp\/v2\/product"}],"about":[{"href":"https:\/\/www.elvesport.com\/en\/wp-json\/wp\/v2\/types\/product"}],"replies":[{"embeddable":true,"href":"https:\/\/www.elvesport.com\/en\/wp-json\/wp\/v2\/comments?post=303428"}],"version-history":[{"count":2,"href":"https:\/\/www.elvesport.com\/en\/wp-json\/wp\/v2\/product\/303428\/revisions"}],"predecessor-version":[{"id":303430,"href":"https:\/\/www.elvesport.com\/en\/wp-json\/wp\/v2\/product\/303428\/revisions\/303430"}],"wp:featuredmedia":[{"embeddable":true,"href":"https:\/\/www.elvesport.com\/en\/wp-json\/wp\/v2\/media\/246543"}],"wp:attachment":[{"href":"https:\/\/www.elvesport.com\/en\/wp-json\/wp\/v2\/media?parent=303428"}],"wp:term":[{"taxonomy":"product_brand","embeddable":true,"href":"https:\/\/www.elvesport.com\/en\/wp-json\/wp\/v2\/product_brand?post=303428"},{"taxonomy":"product_cat","embeddable":true,"href":"https:\/\/www.elvesport.com\/en\/wp-json\/wp\/v2\/product_cat?post=303428"},{"taxonomy":"product_tag","embeddable":true,"href":"https:\/\/www.elvesport.com\/en\/wp-json\/wp\/v2\/product_tag?post=303428"}],"curies":[{"name":"wp","href":"https:\/\/api.w.org\/{rel}","templated":true}]}}