{"id":303497,"date":"2026-02-10T09:18:41","date_gmt":"2026-02-10T08:18:41","guid":{"rendered":"https:\/\/www.elvesport.com\/?post_type=product&#038;p=303497"},"modified":"2026-02-12T10:28:28","modified_gmt":"2026-02-12T09:28:28","slug":"sustiakova-bunda-trivor-fk-raca","status":"publish","type":"product","link":"https:\/\/www.elvesport.com\/en\/sustiakova-bunda-trivor-fk-raca\/","title":{"rendered":"\u0160U\u0160TIAKOV\u00c1 BUNDA TRIVOR FK RA\u010cA"},"content":{"rendered":"","protected":false},"excerpt":{"rendered":"<p>Zateplen\u00e1 \u0161u\u0161tiakov\u00e1 bunda na tr\u00e9novanie v chladn\u00fdch aj da\u017ediv\u00fdch podmienkach s ob\u0161it\u00fdm logom FK Ra\u010da na srdci.<\/p>\n","protected":false},"featured_media":303498,"comment_status":"closed","ping_status":"closed","template":"","meta":{"_acf_changed":false},"product_brand":[],"product_cat":[3363],"product_tag":[],"class_list":{"0":"post-303497","1":"product","2":"type-product","3":"status-publish","4":"has-post-thumbnail","6":"product_cat-fk_raca","7":"pa_size-6xs","8":"pa_size-5xs","9":"pa_size-4xs","10":"pa_size-3xs","11":"pa_size-2xs","12":"pa_size-xs","13":"pa_size-s","14":"pa_size-m","15":"pa_size-l","16":"pa_size-xl","17":"pa_size-2xl","18":"pa_size-3xl","20":"first","21":"instock","22":"taxable","23":"shipping-taxable","24":"purchasable","25":"product-type-variable"},"acf":[],"_links":{"self":[{"href":"https:\/\/www.elvesport.com\/en\/wp-json\/wp\/v2\/product\/303497","targetHints":{"allow":["GET"]}}],"collection":[{"href":"https:\/\/www.elvesport.com\/en\/wp-json\/wp\/v2\/product"}],"about":[{"href":"https:\/\/www.elvesport.com\/en\/wp-json\/wp\/v2\/types\/product"}],"replies":[{"embeddable":true,"href":"https:\/\/www.elvesport.com\/en\/wp-json\/wp\/v2\/comments?post=303497"}],"version-history":[{"count":3,"href":"https:\/\/www.elvesport.com\/en\/wp-json\/wp\/v2\/product\/303497\/revisions"}],"predecessor-version":[{"id":304007,"href":"https:\/\/www.elvesport.com\/en\/wp-json\/wp\/v2\/product\/303497\/revisions\/304007"}],"wp:featuredmedia":[{"embeddable":true,"href":"https:\/\/www.elvesport.com\/en\/wp-json\/wp\/v2\/media\/303498"}],"wp:attachment":[{"href":"https:\/\/www.elvesport.com\/en\/wp-json\/wp\/v2\/media?parent=303497"}],"wp:term":[{"taxonomy":"product_brand","embeddable":true,"href":"https:\/\/www.elvesport.com\/en\/wp-json\/wp\/v2\/product_brand?post=303497"},{"taxonomy":"product_cat","embeddable":true,"href":"https:\/\/www.elvesport.com\/en\/wp-json\/wp\/v2\/product_cat?post=303497"},{"taxonomy":"product_tag","embeddable":true,"href":"https:\/\/www.elvesport.com\/en\/wp-json\/wp\/v2\/product_tag?post=303497"}],"curies":[{"name":"wp","href":"https:\/\/api.w.org\/{rel}","templated":true}]}}