{"id":303514,"date":"2026-02-10T09:14:42","date_gmt":"2026-02-10T08:14:42","guid":{"rendered":"https:\/\/www.elvesport.com\/?post_type=product&#038;p=303514"},"modified":"2026-02-10T09:21:18","modified_gmt":"2026-02-10T08:21:18","slug":"uterak-osuska-fk-raca","status":"publish","type":"product","link":"https:\/\/www.elvesport.com\/en\/uterak-osuska-fk-raca\/","title":{"rendered":"UTER\u00c1K\/ OSU\u0160KA FK RA\u010cA"},"content":{"rendered":"","protected":false},"excerpt":{"rendered":"<p>R\u00fdchloschn\u00faci plnesublimovan\u00fd uter\u00e1k\/ osu\u0161ka s logom klubu FK RA\u010cA<\/p>\n","protected":false},"featured_media":303515,"comment_status":"closed","ping_status":"closed","template":"","meta":{"_acf_changed":false},"product_brand":[],"product_cat":[3363],"product_tag":[],"class_list":{"0":"post-303514","1":"product","2":"type-product","3":"status-publish","4":"has-post-thumbnail","6":"product_cat-fk_raca","7":"pa_size-140x70cm","8":"pa_size-105x50cm","9":"pa_size-50x30cm","11":"first","12":"instock","13":"taxable","14":"shipping-taxable","15":"purchasable","16":"product-type-variable"},"acf":[],"_links":{"self":[{"href":"https:\/\/www.elvesport.com\/en\/wp-json\/wp\/v2\/product\/303514","targetHints":{"allow":["GET"]}}],"collection":[{"href":"https:\/\/www.elvesport.com\/en\/wp-json\/wp\/v2\/product"}],"about":[{"href":"https:\/\/www.elvesport.com\/en\/wp-json\/wp\/v2\/types\/product"}],"replies":[{"embeddable":true,"href":"https:\/\/www.elvesport.com\/en\/wp-json\/wp\/v2\/comments?post=303514"}],"version-history":[{"count":2,"href":"https:\/\/www.elvesport.com\/en\/wp-json\/wp\/v2\/product\/303514\/revisions"}],"predecessor-version":[{"id":303519,"href":"https:\/\/www.elvesport.com\/en\/wp-json\/wp\/v2\/product\/303514\/revisions\/303519"}],"wp:featuredmedia":[{"embeddable":true,"href":"https:\/\/www.elvesport.com\/en\/wp-json\/wp\/v2\/media\/303515"}],"wp:attachment":[{"href":"https:\/\/www.elvesport.com\/en\/wp-json\/wp\/v2\/media?parent=303514"}],"wp:term":[{"taxonomy":"product_brand","embeddable":true,"href":"https:\/\/www.elvesport.com\/en\/wp-json\/wp\/v2\/product_brand?post=303514"},{"taxonomy":"product_cat","embeddable":true,"href":"https:\/\/www.elvesport.com\/en\/wp-json\/wp\/v2\/product_cat?post=303514"},{"taxonomy":"product_tag","embeddable":true,"href":"https:\/\/www.elvesport.com\/en\/wp-json\/wp\/v2\/product_tag?post=303514"}],"curies":[{"name":"wp","href":"https:\/\/api.w.org\/{rel}","templated":true}]}}