{"id":303534,"date":"2026-02-10T09:24:40","date_gmt":"2026-02-10T08:24:40","guid":{"rendered":"https:\/\/www.elvesport.com\/?post_type=product&#038;p=303534"},"modified":"2026-04-24T20:02:01","modified_gmt":"2026-04-24T18:02:01","slug":"treningova-bunda-gala-fk-raca","status":"publish","type":"product","link":"https:\/\/www.elvesport.com\/en\/treningova-bunda-gala-fk-raca\/","title":{"rendered":"TR\u00c9NINGOV\u00c1 BUNDA GALA FK RA\u010cA"},"content":{"rendered":"","protected":false},"excerpt":{"rendered":"","protected":false},"featured_media":303535,"comment_status":"closed","ping_status":"closed","template":"","meta":{"_acf_changed":false},"product_brand":[],"product_cat":[3363],"product_tag":[],"class_list":{"0":"post-303534","1":"product","2":"type-product","3":"status-publish","4":"has-post-thumbnail","6":"product_cat-fk_raca","7":"pa_size-6xs","8":"pa_size-5xs","9":"pa_size-4xs","10":"pa_size-3xs","11":"pa_size-2xs","12":"pa_size-xs","13":"pa_size-s","14":"pa_size-m","15":"pa_size-l","16":"pa_size-xl","17":"pa_size-2xl","18":"pa_size-3xl","20":"first","21":"instock","22":"sale","23":"taxable","24":"shipping-taxable","25":"purchasable","26":"product-type-variable"},"acf":[],"_links":{"self":[{"href":"https:\/\/www.elvesport.com\/en\/wp-json\/wp\/v2\/product\/303534","targetHints":{"allow":["GET"]}}],"collection":[{"href":"https:\/\/www.elvesport.com\/en\/wp-json\/wp\/v2\/product"}],"about":[{"href":"https:\/\/www.elvesport.com\/en\/wp-json\/wp\/v2\/types\/product"}],"replies":[{"embeddable":true,"href":"https:\/\/www.elvesport.com\/en\/wp-json\/wp\/v2\/comments?post=303534"}],"version-history":[{"count":2,"href":"https:\/\/www.elvesport.com\/en\/wp-json\/wp\/v2\/product\/303534\/revisions"}],"predecessor-version":[{"id":303943,"href":"https:\/\/www.elvesport.com\/en\/wp-json\/wp\/v2\/product\/303534\/revisions\/303943"}],"wp:featuredmedia":[{"embeddable":true,"href":"https:\/\/www.elvesport.com\/en\/wp-json\/wp\/v2\/media\/303535"}],"wp:attachment":[{"href":"https:\/\/www.elvesport.com\/en\/wp-json\/wp\/v2\/media?parent=303534"}],"wp:term":[{"taxonomy":"product_brand","embeddable":true,"href":"https:\/\/www.elvesport.com\/en\/wp-json\/wp\/v2\/product_brand?post=303534"},{"taxonomy":"product_cat","embeddable":true,"href":"https:\/\/www.elvesport.com\/en\/wp-json\/wp\/v2\/product_cat?post=303534"},{"taxonomy":"product_tag","embeddable":true,"href":"https:\/\/www.elvesport.com\/en\/wp-json\/wp\/v2\/product_tag?post=303534"}],"curies":[{"name":"wp","href":"https:\/\/api.w.org\/{rel}","templated":true}]}}