{"id":303578,"date":"2026-02-10T09:21:40","date_gmt":"2026-02-10T08:21:40","guid":{"rendered":"https:\/\/www.elvesport.com\/?post_type=product&#038;p=303578"},"modified":"2026-02-13T10:07:40","modified_gmt":"2026-02-13T09:07:40","slug":"treningove-tricko-basic-fk-raca","status":"publish","type":"product","link":"https:\/\/www.elvesport.com\/en\/treningove-tricko-basic-fk-raca\/","title":{"rendered":"TR\u00c9NINGOV\u00c9 TRI\u010cKO BASIC FK RA\u010cA"},"content":{"rendered":"","protected":false},"excerpt":{"rendered":"<p>Tr\u00e9ningov\u00e9 tri\u010dko klubu FK RA\u010cA s 2D logom na srdci a s mo\u017enos\u0165ou vlastnej personaliz\u00e1cie tri\u010dka<\/p>\n<p>INICIALY max. 3 p\u00edsmen\u00e1<\/p>\n","protected":false},"featured_media":303660,"comment_status":"closed","ping_status":"closed","template":"","meta":{"_acf_changed":false},"product_brand":[],"product_cat":[3363],"product_tag":[],"class_list":{"0":"post-303578","1":"product","2":"type-product","3":"status-publish","4":"has-post-thumbnail","6":"product_cat-fk_raca","7":"pa_color-cervena","8":"pa_color-kralovskamodra","9":"pa_size-3yxs","10":"pa_size-2yxs","11":"pa_size-yxs","12":"pa_size-xxs","13":"pa_size-xs","14":"pa_size-s","15":"pa_size-m","16":"pa_size-l","17":"pa_size-xl","18":"pa_size-2xl","19":"pa_size-3xl","20":"pa_size-4xl","21":"pa_size-5xl","23":"first","24":"instock","25":"taxable","26":"shipping-taxable","27":"purchasable","28":"product-type-variable"},"acf":[],"_links":{"self":[{"href":"https:\/\/www.elvesport.com\/en\/wp-json\/wp\/v2\/product\/303578","targetHints":{"allow":["GET"]}}],"collection":[{"href":"https:\/\/www.elvesport.com\/en\/wp-json\/wp\/v2\/product"}],"about":[{"href":"https:\/\/www.elvesport.com\/en\/wp-json\/wp\/v2\/types\/product"}],"replies":[{"embeddable":true,"href":"https:\/\/www.elvesport.com\/en\/wp-json\/wp\/v2\/comments?post=303578"}],"version-history":[{"count":2,"href":"https:\/\/www.elvesport.com\/en\/wp-json\/wp\/v2\/product\/303578\/revisions"}],"predecessor-version":[{"id":303659,"href":"https:\/\/www.elvesport.com\/en\/wp-json\/wp\/v2\/product\/303578\/revisions\/303659"}],"wp:featuredmedia":[{"embeddable":true,"href":"https:\/\/www.elvesport.com\/en\/wp-json\/wp\/v2\/media\/303660"}],"wp:attachment":[{"href":"https:\/\/www.elvesport.com\/en\/wp-json\/wp\/v2\/media?parent=303578"}],"wp:term":[{"taxonomy":"product_brand","embeddable":true,"href":"https:\/\/www.elvesport.com\/en\/wp-json\/wp\/v2\/product_brand?post=303578"},{"taxonomy":"product_cat","embeddable":true,"href":"https:\/\/www.elvesport.com\/en\/wp-json\/wp\/v2\/product_cat?post=303578"},{"taxonomy":"product_tag","embeddable":true,"href":"https:\/\/www.elvesport.com\/en\/wp-json\/wp\/v2\/product_tag?post=303578"}],"curies":[{"name":"wp","href":"https:\/\/api.w.org\/{rel}","templated":true}]}}