{"id":303714,"date":"2026-02-10T09:18:41","date_gmt":"2026-02-10T08:18:41","guid":{"rendered":"https:\/\/www.elvesport.com\/?post_type=product&#038;p=303714"},"modified":"2026-02-12T10:29:54","modified_gmt":"2026-02-12T09:29:54","slug":"vychadzkova-suprava-lider-fk-raca","status":"publish","type":"product","link":"https:\/\/www.elvesport.com\/en\/vychadzkova-suprava-lider-fk-raca\/","title":{"rendered":"VYCH\u00c1DZKOV\u00c1 S\u00daPRAVA LIDER FK RA\u010cA"},"content":{"rendered":"","protected":false},"excerpt":{"rendered":"<p>Vych\u00e1dzkov\u00e1 s\u00faprava LIDER pre klub FK RA\u010cA s 3D logom klubu na vrchnom diely.<\/p>\n","protected":false},"featured_media":303944,"comment_status":"closed","ping_status":"closed","template":"","meta":{"_acf_changed":false},"product_brand":[],"product_cat":[3363],"product_tag":[],"class_list":{"0":"post-303714","1":"product","2":"type-product","3":"status-publish","4":"has-post-thumbnail","6":"product_cat-fk_raca","7":"pa_size-6xs","8":"pa_size-5xs","9":"pa_size-4xs","10":"pa_size-3xs","11":"pa_size-2xs","12":"pa_size-xs","13":"pa_size-s","14":"pa_size-m","15":"pa_size-l","16":"pa_size-xl","17":"pa_size-2xl","18":"pa_size-3xl","19":"pa_size-4xl","21":"first","22":"instock","23":"taxable","24":"shipping-taxable","25":"purchasable","26":"product-type-variable"},"acf":[],"_links":{"self":[{"href":"https:\/\/www.elvesport.com\/en\/wp-json\/wp\/v2\/product\/303714","targetHints":{"allow":["GET"]}}],"collection":[{"href":"https:\/\/www.elvesport.com\/en\/wp-json\/wp\/v2\/product"}],"about":[{"href":"https:\/\/www.elvesport.com\/en\/wp-json\/wp\/v2\/types\/product"}],"replies":[{"embeddable":true,"href":"https:\/\/www.elvesport.com\/en\/wp-json\/wp\/v2\/comments?post=303714"}],"version-history":[{"count":2,"href":"https:\/\/www.elvesport.com\/en\/wp-json\/wp\/v2\/product\/303714\/revisions"}],"predecessor-version":[{"id":303729,"href":"https:\/\/www.elvesport.com\/en\/wp-json\/wp\/v2\/product\/303714\/revisions\/303729"}],"wp:featuredmedia":[{"embeddable":true,"href":"https:\/\/www.elvesport.com\/en\/wp-json\/wp\/v2\/media\/303944"}],"wp:attachment":[{"href":"https:\/\/www.elvesport.com\/en\/wp-json\/wp\/v2\/media?parent=303714"}],"wp:term":[{"taxonomy":"product_brand","embeddable":true,"href":"https:\/\/www.elvesport.com\/en\/wp-json\/wp\/v2\/product_brand?post=303714"},{"taxonomy":"product_cat","embeddable":true,"href":"https:\/\/www.elvesport.com\/en\/wp-json\/wp\/v2\/product_cat?post=303714"},{"taxonomy":"product_tag","embeddable":true,"href":"https:\/\/www.elvesport.com\/en\/wp-json\/wp\/v2\/product_tag?post=303714"}],"curies":[{"name":"wp","href":"https:\/\/api.w.org\/{rel}","templated":true}]}}