{"id":304012,"date":"2026-02-13T09:19:41","date_gmt":"2026-02-13T08:19:41","guid":{"rendered":"https:\/\/www.elvesport.com\/?post_type=product&#038;p=304012"},"modified":"2026-04-02T18:59:51","modified_gmt":"2026-04-02T16:59:51","slug":"vychadzkovy-set-eco-champ-fk-raca","status":"publish","type":"product","link":"https:\/\/www.elvesport.com\/en\/vychadzkovy-set-eco-champ-fk-raca\/","title":{"rendered":"VYCH\u00c1DZKOV\u00dd SET ECO CHAMP FK RA\u010cA"},"content":{"rendered":"","protected":false},"excerpt":{"rendered":"<p>Tento produkt sa len dopred\u00e1va a dostupn\u00e9 s\u00fa len ve\u013ekosti , ktor\u00e9 s\u00fa skladom.<\/p>\n","protected":false},"featured_media":304013,"comment_status":"closed","ping_status":"closed","template":"","meta":{"_acf_changed":false},"product_brand":[],"product_cat":[3363],"product_tag":[],"class_list":{"0":"post-304012","1":"product","2":"type-product","3":"status-publish","4":"has-post-thumbnail","6":"product_cat-fk_raca","7":"pa_size-3xs","8":"pa_size-2xs","9":"pa_size-xs","10":"pa_size-s","11":"pa_size-m","12":"pa_size-l","13":"pa_size-xl","15":"first","16":"instock","17":"sale","18":"taxable","19":"shipping-taxable","20":"purchasable","21":"product-type-variable"},"acf":[],"_links":{"self":[{"href":"https:\/\/www.elvesport.com\/en\/wp-json\/wp\/v2\/product\/304012","targetHints":{"allow":["GET"]}}],"collection":[{"href":"https:\/\/www.elvesport.com\/en\/wp-json\/wp\/v2\/product"}],"about":[{"href":"https:\/\/www.elvesport.com\/en\/wp-json\/wp\/v2\/types\/product"}],"replies":[{"embeddable":true,"href":"https:\/\/www.elvesport.com\/en\/wp-json\/wp\/v2\/comments?post=304012"}],"version-history":[{"count":2,"href":"https:\/\/www.elvesport.com\/en\/wp-json\/wp\/v2\/product\/304012\/revisions"}],"predecessor-version":[{"id":304115,"href":"https:\/\/www.elvesport.com\/en\/wp-json\/wp\/v2\/product\/304012\/revisions\/304115"}],"wp:featuredmedia":[{"embeddable":true,"href":"https:\/\/www.elvesport.com\/en\/wp-json\/wp\/v2\/media\/304013"}],"wp:attachment":[{"href":"https:\/\/www.elvesport.com\/en\/wp-json\/wp\/v2\/media?parent=304012"}],"wp:term":[{"taxonomy":"product_brand","embeddable":true,"href":"https:\/\/www.elvesport.com\/en\/wp-json\/wp\/v2\/product_brand?post=304012"},{"taxonomy":"product_cat","embeddable":true,"href":"https:\/\/www.elvesport.com\/en\/wp-json\/wp\/v2\/product_cat?post=304012"},{"taxonomy":"product_tag","embeddable":true,"href":"https:\/\/www.elvesport.com\/en\/wp-json\/wp\/v2\/product_tag?post=304012"}],"curies":[{"name":"wp","href":"https:\/\/api.w.org\/{rel}","templated":true}]}}