{"id":304702,"date":"2026-05-12T09:47:58","date_gmt":"2026-05-12T07:47:58","guid":{"rendered":"https:\/\/www.elvesport.com\/?post_type=product&#038;p=304702"},"modified":"2026-05-12T09:47:58","modified_gmt":"2026-05-12T07:47:58","slug":"zatepleny-nakrcik-tj-iskra-horne-oresany","status":"publish","type":"product","link":"https:\/\/www.elvesport.com\/en\/zatepleny-nakrcik-tj-iskra-horne-oresany\/","title":{"rendered":"ZATEPLEN\u00dd N\u00c1KR\u010c\u00cdK TJ ISKRA HORN\u00c9 ORE\u0160ANY"},"content":{"rendered":"","protected":false},"excerpt":{"rendered":"","protected":false},"featured_media":304683,"comment_status":"closed","ping_status":"closed","template":"","meta":{"_acf_changed":false},"product_brand":[],"product_cat":[3370],"product_tag":[],"class_list":{"0":"post-304702","1":"product","2":"type-product","3":"status-publish","4":"has-post-thumbnail","6":"product_cat-tj_iskra_horne_oresany","8":"first","9":"instock","10":"taxable","11":"shipping-taxable","12":"purchasable","13":"product-type-simple"},"acf":[],"_links":{"self":[{"href":"https:\/\/www.elvesport.com\/en\/wp-json\/wp\/v2\/product\/304702","targetHints":{"allow":["GET"]}}],"collection":[{"href":"https:\/\/www.elvesport.com\/en\/wp-json\/wp\/v2\/product"}],"about":[{"href":"https:\/\/www.elvesport.com\/en\/wp-json\/wp\/v2\/types\/product"}],"replies":[{"embeddable":true,"href":"https:\/\/www.elvesport.com\/en\/wp-json\/wp\/v2\/comments?post=304702"}],"version-history":[{"count":1,"href":"https:\/\/www.elvesport.com\/en\/wp-json\/wp\/v2\/product\/304702\/revisions"}],"predecessor-version":[{"id":304703,"href":"https:\/\/www.elvesport.com\/en\/wp-json\/wp\/v2\/product\/304702\/revisions\/304703"}],"wp:featuredmedia":[{"embeddable":true,"href":"https:\/\/www.elvesport.com\/en\/wp-json\/wp\/v2\/media\/304683"}],"wp:attachment":[{"href":"https:\/\/www.elvesport.com\/en\/wp-json\/wp\/v2\/media?parent=304702"}],"wp:term":[{"taxonomy":"product_brand","embeddable":true,"href":"https:\/\/www.elvesport.com\/en\/wp-json\/wp\/v2\/product_brand?post=304702"},{"taxonomy":"product_cat","embeddable":true,"href":"https:\/\/www.elvesport.com\/en\/wp-json\/wp\/v2\/product_cat?post=304702"},{"taxonomy":"product_tag","embeddable":true,"href":"https:\/\/www.elvesport.com\/en\/wp-json\/wp\/v2\/product_tag?post=304702"}],"curies":[{"name":"wp","href":"https:\/\/api.w.org\/{rel}","templated":true}]}}