{"id":304850,"date":"2026-05-14T14:12:44","date_gmt":"2026-05-14T12:12:44","guid":{"rendered":"https:\/\/www.elvesport.com\/?post_type=product&#038;p=304850"},"modified":"2026-05-14T15:52:27","modified_gmt":"2026-05-14T13:52:27","slug":"mikina-crew-tj-iskra-horne-oresany","status":"publish","type":"product","link":"https:\/\/www.elvesport.com\/en\/mikina-crew-tj-iskra-horne-oresany\/","title":{"rendered":"MIKINA CREW TJ ISKRA HORN\u00c9 ORE\u0160ANY"},"content":{"rendered":"<p>280g\/m\u00b2, 80% predpran\u00e1 prstencov\u00e1 bavlna, 20% recyklovan\u00fd <span class=\"lexicon-tooltip border-b border-black border-dotted\">polyester<\/span><\/p>\n","protected":false},"excerpt":{"rendered":"<p>Bezkapuc\u0148ov\u00e1 mikina ur\u010den\u00e1 pre fan\u00fa\u0161ikov klubu TJ ISKRA HORN\u00c9 ORE\u0160ANY<\/p>\n","protected":false},"featured_media":304932,"comment_status":"closed","ping_status":"closed","template":"","meta":{"_acf_changed":false},"product_brand":[],"product_cat":[3370],"product_tag":[],"class_list":{"0":"post-304850","1":"product","2":"type-product","3":"status-publish","4":"has-post-thumbnail","6":"product_cat-tj_iskra_horne_oresany","7":"pa_color-cervena","8":"pa_color-siva","9":"pa_color-cierna","10":"pa_size-xs","11":"pa_size-s","12":"pa_size-m","13":"pa_size-l","14":"pa_size-xl","15":"pa_size-2xl","16":"pa_size-3xl","17":"pa_size-4xl","18":"pa_size-5xl","20":"first","21":"instock","22":"taxable","23":"shipping-taxable","24":"purchasable","25":"product-type-variable"},"acf":[],"_links":{"self":[{"href":"https:\/\/www.elvesport.com\/en\/wp-json\/wp\/v2\/product\/304850","targetHints":{"allow":["GET"]}}],"collection":[{"href":"https:\/\/www.elvesport.com\/en\/wp-json\/wp\/v2\/product"}],"about":[{"href":"https:\/\/www.elvesport.com\/en\/wp-json\/wp\/v2\/types\/product"}],"replies":[{"embeddable":true,"href":"https:\/\/www.elvesport.com\/en\/wp-json\/wp\/v2\/comments?post=304850"}],"version-history":[{"count":1,"href":"https:\/\/www.elvesport.com\/en\/wp-json\/wp\/v2\/product\/304850\/revisions"}],"predecessor-version":[{"id":304876,"href":"https:\/\/www.elvesport.com\/en\/wp-json\/wp\/v2\/product\/304850\/revisions\/304876"}],"wp:featuredmedia":[{"embeddable":true,"href":"https:\/\/www.elvesport.com\/en\/wp-json\/wp\/v2\/media\/304932"}],"wp:attachment":[{"href":"https:\/\/www.elvesport.com\/en\/wp-json\/wp\/v2\/media?parent=304850"}],"wp:term":[{"taxonomy":"product_brand","embeddable":true,"href":"https:\/\/www.elvesport.com\/en\/wp-json\/wp\/v2\/product_brand?post=304850"},{"taxonomy":"product_cat","embeddable":true,"href":"https:\/\/www.elvesport.com\/en\/wp-json\/wp\/v2\/product_cat?post=304850"},{"taxonomy":"product_tag","embeddable":true,"href":"https:\/\/www.elvesport.com\/en\/wp-json\/wp\/v2\/product_tag?post=304850"}],"curies":[{"name":"wp","href":"https:\/\/api.w.org\/{rel}","templated":true}]}}