{"id":304939,"date":"2026-05-15T10:08:20","date_gmt":"2026-05-15T08:08:20","guid":{"rendered":"https:\/\/www.elvesport.com\/?post_type=product&#038;p=304939"},"modified":"2026-05-15T11:03:08","modified_gmt":"2026-05-15T09:03:08","slug":"panska-mikina-condor-tj-iskra-horne-oresany","status":"publish","type":"product","link":"https:\/\/www.elvesport.com\/en\/panska-mikina-condor-tj-iskra-horne-oresany\/","title":{"rendered":"P\u00c1NSKA MIKINA CONDOR TJ ISKRA HORN\u00c9 ORE\u0160ANY"},"content":{"rendered":"","protected":false},"excerpt":{"rendered":"<p>280g\/m\u00b2, 80% prstencov\u00e1 bavlna, 20% recyklovan\u00fd\u00a0<span class=\"lexicon-tooltip border-b border-black border-dotted\">polyester<\/span><\/p>\n<p>Kapuc\u0148ov\u00e1 mikina pre fan\u00fa\u0161ikov klubu TJ ISKRA HORN\u00c9 ORE\u0160ANY<\/p>\n","protected":false},"featured_media":304964,"comment_status":"closed","ping_status":"closed","template":"","meta":{"_acf_changed":false},"product_brand":[],"product_cat":[3370],"product_tag":[],"class_list":{"0":"post-304939","1":"product","2":"type-product","3":"status-publish","4":"has-post-thumbnail","6":"product_cat-tj_iskra_horne_oresany","7":"pa_color-cervena","8":"pa_color-cierna","9":"pa_color-bordova","10":"pa_size-xs","11":"pa_size-s","12":"pa_size-m","13":"pa_size-l","14":"pa_size-xl","15":"pa_size-2xl","16":"pa_size-3xl","18":"first","19":"instock","20":"taxable","21":"shipping-taxable","22":"purchasable","23":"product-type-variable"},"acf":[],"_links":{"self":[{"href":"https:\/\/www.elvesport.com\/en\/wp-json\/wp\/v2\/product\/304939","targetHints":{"allow":["GET"]}}],"collection":[{"href":"https:\/\/www.elvesport.com\/en\/wp-json\/wp\/v2\/product"}],"about":[{"href":"https:\/\/www.elvesport.com\/en\/wp-json\/wp\/v2\/types\/product"}],"replies":[{"embeddable":true,"href":"https:\/\/www.elvesport.com\/en\/wp-json\/wp\/v2\/comments?post=304939"}],"version-history":[{"count":1,"href":"https:\/\/www.elvesport.com\/en\/wp-json\/wp\/v2\/product\/304939\/revisions"}],"predecessor-version":[{"id":304970,"href":"https:\/\/www.elvesport.com\/en\/wp-json\/wp\/v2\/product\/304939\/revisions\/304970"}],"wp:featuredmedia":[{"embeddable":true,"href":"https:\/\/www.elvesport.com\/en\/wp-json\/wp\/v2\/media\/304964"}],"wp:attachment":[{"href":"https:\/\/www.elvesport.com\/en\/wp-json\/wp\/v2\/media?parent=304939"}],"wp:term":[{"taxonomy":"product_brand","embeddable":true,"href":"https:\/\/www.elvesport.com\/en\/wp-json\/wp\/v2\/product_brand?post=304939"},{"taxonomy":"product_cat","embeddable":true,"href":"https:\/\/www.elvesport.com\/en\/wp-json\/wp\/v2\/product_cat?post=304939"},{"taxonomy":"product_tag","embeddable":true,"href":"https:\/\/www.elvesport.com\/en\/wp-json\/wp\/v2\/product_tag?post=304939"}],"curies":[{"name":"wp","href":"https:\/\/api.w.org\/{rel}","templated":true}]}}