{"id":38093,"date":"2020-06-03T14:04:55","date_gmt":"2020-06-03T12:04:55","guid":{"rendered":"http:\/\/www.elvesport.com\/calza-polyestere-zapasove-stucne-cierne\/"},"modified":"2025-08-05T13:17:05","modified_gmt":"2025-08-05T11:17:05","slug":"calza-polyestere-zapasove-stucne-cierne","status":"publish","type":"product","link":"https:\/\/www.elvesport.com\/en\/calza-polyestere-zapasove-stucne-cierne\/","title":{"rendered":"CALZA POLYESTERE Z\u00c1PASOV\u00c9 \u0160TUCNE \u010cIERNE"},"content":{"rendered":"","protected":false},"excerpt":{"rendered":"<p>Ve\u013ekosti\u00a0 :<br \/>\nDETI : 35\/38<br \/>\nJUNIOR 39\/41<br \/>\nDOSPEL\u00cd : 42\/46<\/p>\n","protected":false},"featured_media":300112,"comment_status":"closed","ping_status":"closed","template":"","meta":{"_acf_changed":false},"product_brand":[],"product_cat":[2608],"product_tag":[],"class_list":{"0":"post-38093","1":"product","2":"type-product","3":"status-publish","4":"has-post-thumbnail","6":"product_cat-fc-petrzalka","7":"pa_color-cierna","8":"pa_pohlavie-unisex","9":"pa_size-deti","10":"pa_size-juniori","11":"pa_size-dospeli","13":"first","14":"instock","15":"taxable","16":"shipping-taxable","17":"purchasable","18":"product-type-variable","19":"has-default-attributes"},"acf":[],"_links":{"self":[{"href":"https:\/\/www.elvesport.com\/en\/wp-json\/wp\/v2\/product\/38093","targetHints":{"allow":["GET"]}}],"collection":[{"href":"https:\/\/www.elvesport.com\/en\/wp-json\/wp\/v2\/product"}],"about":[{"href":"https:\/\/www.elvesport.com\/en\/wp-json\/wp\/v2\/types\/product"}],"replies":[{"embeddable":true,"href":"https:\/\/www.elvesport.com\/en\/wp-json\/wp\/v2\/comments?post=38093"}],"version-history":[{"count":2,"href":"https:\/\/www.elvesport.com\/en\/wp-json\/wp\/v2\/product\/38093\/revisions"}],"predecessor-version":[{"id":261003,"href":"https:\/\/www.elvesport.com\/en\/wp-json\/wp\/v2\/product\/38093\/revisions\/261003"}],"wp:featuredmedia":[{"embeddable":true,"href":"https:\/\/www.elvesport.com\/en\/wp-json\/wp\/v2\/media\/300112"}],"wp:attachment":[{"href":"https:\/\/www.elvesport.com\/en\/wp-json\/wp\/v2\/media?parent=38093"}],"wp:term":[{"taxonomy":"product_brand","embeddable":true,"href":"https:\/\/www.elvesport.com\/en\/wp-json\/wp\/v2\/product_brand?post=38093"},{"taxonomy":"product_cat","embeddable":true,"href":"https:\/\/www.elvesport.com\/en\/wp-json\/wp\/v2\/product_cat?post=38093"},{"taxonomy":"product_tag","embeddable":true,"href":"https:\/\/www.elvesport.com\/en\/wp-json\/wp\/v2\/product_tag?post=38093"}],"curies":[{"name":"wp","href":"https:\/\/api.w.org\/{rel}","templated":true}]}}