{"id":38098,"date":"2022-05-31T15:30:24","date_gmt":"2022-05-31T13:30:24","guid":{"rendered":"http:\/\/www.elvesport.com\/new-skin-treningove-trenirky\/"},"modified":"2025-01-13T15:46:03","modified_gmt":"2025-01-13T14:46:03","slug":"new-skin-treningove-trenirky","status":"publish","type":"product","link":"https:\/\/www.elvesport.com\/en\/new-skin-treningove-trenirky\/","title":{"rendered":"NEW SKIN TR\u00c9NINGOV\u00c9 TREN\u00cdRKY FC PETR\u017dALKA"},"content":{"rendered":"","protected":false},"excerpt":{"rendered":"<p>Tr\u00e9ningov\u00e9 tren\u00edrky s inici\u00e1lami oproti logu ERREA.<\/p>\n","protected":false},"featured_media":266710,"comment_status":"closed","ping_status":"closed","template":"","meta":{"_acf_changed":false},"product_brand":[],"product_cat":[2608],"product_tag":[],"class_list":{"0":"post-38098","1":"product","2":"type-product","3":"status-publish","4":"has-post-thumbnail","6":"product_cat-fc-petrzalka","7":"pa_color-cierna","8":"pa_pohlavie-unisex","9":"pa_size-2yxs","10":"pa_size-yxs","11":"pa_size-xxs","12":"pa_size-xs","13":"pa_size-s","14":"pa_size-m","15":"pa_size-l","16":"pa_size-xl","17":"pa_size-xxl","19":"first","20":"instock","21":"taxable","22":"shipping-taxable","23":"purchasable","24":"product-type-variable","25":"has-default-attributes"},"acf":[],"_links":{"self":[{"href":"https:\/\/www.elvesport.com\/en\/wp-json\/wp\/v2\/product\/38098","targetHints":{"allow":["GET"]}}],"collection":[{"href":"https:\/\/www.elvesport.com\/en\/wp-json\/wp\/v2\/product"}],"about":[{"href":"https:\/\/www.elvesport.com\/en\/wp-json\/wp\/v2\/types\/product"}],"replies":[{"embeddable":true,"href":"https:\/\/www.elvesport.com\/en\/wp-json\/wp\/v2\/comments?post=38098"}],"version-history":[{"count":4,"href":"https:\/\/www.elvesport.com\/en\/wp-json\/wp\/v2\/product\/38098\/revisions"}],"predecessor-version":[{"id":266725,"href":"https:\/\/www.elvesport.com\/en\/wp-json\/wp\/v2\/product\/38098\/revisions\/266725"}],"wp:featuredmedia":[{"embeddable":true,"href":"https:\/\/www.elvesport.com\/en\/wp-json\/wp\/v2\/media\/266710"}],"wp:attachment":[{"href":"https:\/\/www.elvesport.com\/en\/wp-json\/wp\/v2\/media?parent=38098"}],"wp:term":[{"taxonomy":"product_brand","embeddable":true,"href":"https:\/\/www.elvesport.com\/en\/wp-json\/wp\/v2\/product_brand?post=38098"},{"taxonomy":"product_cat","embeddable":true,"href":"https:\/\/www.elvesport.com\/en\/wp-json\/wp\/v2\/product_cat?post=38098"},{"taxonomy":"product_tag","embeddable":true,"href":"https:\/\/www.elvesport.com\/en\/wp-json\/wp\/v2\/product_tag?post=38098"}],"curies":[{"name":"wp","href":"https:\/\/api.w.org\/{rel}","templated":true}]}}