{"id":38109,"date":"2022-05-31T15:31:43","date_gmt":"2022-05-31T13:31:43","guid":{"rendered":"http:\/\/www.elvesport.com\/adler-treningove-tricko-fcpa\/"},"modified":"2025-01-14T16:51:27","modified_gmt":"2025-01-14T15:51:27","slug":"adler-treningove-tricko-fcpa","status":"publish","type":"product","link":"https:\/\/www.elvesport.com\/en\/adler-treningove-tricko-fcpa\/","title":{"rendered":"TR\u00c9NINGOV\u00c9 TRI\u010cKO FC PETR\u017dALKA"},"content":{"rendered":"<p>Cena je vr\u00e1tane potla\u010de:<\/p>\n<p>&#8211; LOGO FCPA<\/p>\n<p>&#8211; Personaliz\u00e1cia oproti logu FCPA (inici\u00e1ly)<\/p>\n","protected":false},"excerpt":{"rendered":"<p>Tr\u00e9ningov\u00e9 tri\u010dko s logom FC Petr\u017ealka, s inici\u00e1lami hr\u00e1\u010da oproti logu.<\/p>\n","protected":false},"featured_media":266709,"comment_status":"closed","ping_status":"closed","template":"","meta":{"_acf_changed":false},"product_brand":[],"product_cat":[2608],"product_tag":[],"class_list":{"0":"post-38109","1":"product","2":"type-product","3":"status-publish","4":"has-post-thumbnail","6":"product_cat-fc-petrzalka","7":"pa_color-matova","8":"pa_pohlavie-unisex","9":"pa_size-yxs","10":"pa_size-xxs","11":"pa_size-xs","12":"pa_size-s","13":"pa_size-m","14":"pa_size-l","15":"pa_size-xl","16":"pa_size-xxl","18":"first","19":"instock","20":"taxable","21":"shipping-taxable","22":"purchasable","23":"product-type-variable","24":"has-default-attributes"},"acf":[],"_links":{"self":[{"href":"https:\/\/www.elvesport.com\/en\/wp-json\/wp\/v2\/product\/38109","targetHints":{"allow":["GET"]}}],"collection":[{"href":"https:\/\/www.elvesport.com\/en\/wp-json\/wp\/v2\/product"}],"about":[{"href":"https:\/\/www.elvesport.com\/en\/wp-json\/wp\/v2\/types\/product"}],"replies":[{"embeddable":true,"href":"https:\/\/www.elvesport.com\/en\/wp-json\/wp\/v2\/comments?post=38109"}],"version-history":[{"count":2,"href":"https:\/\/www.elvesport.com\/en\/wp-json\/wp\/v2\/product\/38109\/revisions"}],"predecessor-version":[{"id":266724,"href":"https:\/\/www.elvesport.com\/en\/wp-json\/wp\/v2\/product\/38109\/revisions\/266724"}],"wp:featuredmedia":[{"embeddable":true,"href":"https:\/\/www.elvesport.com\/en\/wp-json\/wp\/v2\/media\/266709"}],"wp:attachment":[{"href":"https:\/\/www.elvesport.com\/en\/wp-json\/wp\/v2\/media?parent=38109"}],"wp:term":[{"taxonomy":"product_brand","embeddable":true,"href":"https:\/\/www.elvesport.com\/en\/wp-json\/wp\/v2\/product_brand?post=38109"},{"taxonomy":"product_cat","embeddable":true,"href":"https:\/\/www.elvesport.com\/en\/wp-json\/wp\/v2\/product_cat?post=38109"},{"taxonomy":"product_tag","embeddable":true,"href":"https:\/\/www.elvesport.com\/en\/wp-json\/wp\/v2\/product_tag?post=38109"}],"curies":[{"name":"wp","href":"https:\/\/api.w.org\/{rel}","templated":true}]}}