{"id":40231,"date":"2020-10-12T15:28:02","date_gmt":"2020-10-12T13:28:02","guid":{"rendered":"http:\/\/www.elvesport.com\/treningove-tricko-slovan-levice\/"},"modified":"2025-01-14T16:53:29","modified_gmt":"2025-01-14T15:53:29","slug":"treningove-tricko-slovan-levice","status":"publish","type":"product","link":"https:\/\/www.elvesport.com\/en\/treningove-tricko-slovan-levice\/","title":{"rendered":"TR\u00c9NINGOV\u00c9 TRI\u010cKO SLOVAN LEVICE"},"content":{"rendered":"","protected":false},"excerpt":{"rendered":"<p>Tr\u00e9ningov\u00e9 tri\u010dko fantasy s origin\u00e1lnou grafikou FK SLOVAN LEVICE.<\/p>\n","protected":false},"featured_media":40230,"comment_status":"closed","ping_status":"closed","template":"","meta":{"_acf_changed":false},"product_brand":[],"product_cat":[1191],"product_tag":[],"class_list":{"0":"post-40231","1":"product","2":"type-product","3":"status-publish","4":"has-post-thumbnail","6":"product_cat-fk-slovan-levice","7":"pa_color-zlta","8":"pa_size-2yxs","9":"pa_size-yxs","10":"pa_size-xxs","11":"pa_size-xs","12":"pa_size-s","13":"pa_size-m","14":"pa_size-l","15":"pa_size-xl","16":"pa_size-xxl","17":"pa_vnutornymaterial-100polyester","18":"pa_vonkajsimaterial-100polyester","20":"first","21":"instock","22":"taxable","23":"shipping-taxable","24":"purchasable","25":"product-type-variable"},"acf":[],"_links":{"self":[{"href":"https:\/\/www.elvesport.com\/en\/wp-json\/wp\/v2\/product\/40231","targetHints":{"allow":["GET"]}}],"collection":[{"href":"https:\/\/www.elvesport.com\/en\/wp-json\/wp\/v2\/product"}],"about":[{"href":"https:\/\/www.elvesport.com\/en\/wp-json\/wp\/v2\/types\/product"}],"replies":[{"embeddable":true,"href":"https:\/\/www.elvesport.com\/en\/wp-json\/wp\/v2\/comments?post=40231"}],"version-history":[{"count":2,"href":"https:\/\/www.elvesport.com\/en\/wp-json\/wp\/v2\/product\/40231\/revisions"}],"predecessor-version":[{"id":246656,"href":"https:\/\/www.elvesport.com\/en\/wp-json\/wp\/v2\/product\/40231\/revisions\/246656"}],"wp:featuredmedia":[{"embeddable":true,"href":"https:\/\/www.elvesport.com\/en\/wp-json\/wp\/v2\/media\/40230"}],"wp:attachment":[{"href":"https:\/\/www.elvesport.com\/en\/wp-json\/wp\/v2\/media?parent=40231"}],"wp:term":[{"taxonomy":"product_brand","embeddable":true,"href":"https:\/\/www.elvesport.com\/en\/wp-json\/wp\/v2\/product_brand?post=40231"},{"taxonomy":"product_cat","embeddable":true,"href":"https:\/\/www.elvesport.com\/en\/wp-json\/wp\/v2\/product_cat?post=40231"},{"taxonomy":"product_tag","embeddable":true,"href":"https:\/\/www.elvesport.com\/en\/wp-json\/wp\/v2\/product_tag?post=40231"}],"curies":[{"name":"wp","href":"https:\/\/api.w.org\/{rel}","templated":true}]}}