{"id":41660,"date":"2022-01-19T11:36:13","date_gmt":"2022-01-19T10:36:13","guid":{"rendered":"http:\/\/www.elvesport.com\/alex-iskra\/"},"modified":"2025-01-15T15:06:51","modified_gmt":"2025-01-15T14:06:51","slug":"alex-iskra","status":"publish","type":"product","link":"https:\/\/www.elvesport.com\/en\/alex-iskra\/","title":{"rendered":"ALEX ISKRA"},"content":{"rendered":"","protected":false},"excerpt":{"rendered":"<p>Vych\u00e1dzkov\u00e1 poloko\u0161e\u013ea ALEX s 3D logom M\u0160KI a inici\u00e1lami pod logom ERREA.<\/p>\n","protected":false},"featured_media":41659,"comment_status":"closed","ping_status":"closed","template":"","meta":{"_acf_changed":false},"product_brand":[],"product_cat":[1192],"product_tag":[2842,2844],"class_list":{"0":"post-41660","1":"product","2":"type-product","3":"status-publish","4":"has-post-thumbnail","6":"product_cat-msk-iskra-petrzalka","7":"product_tag-men","8":"product_tag-shirt","9":"pa_color-zelena","10":"pa_pohlavie-unisex","11":"pa_size-yxs","12":"pa_size-xxs","13":"pa_size-xs","14":"pa_size-s","15":"pa_size-m","16":"pa_size-l","17":"pa_size-xl","18":"pa_size-xxl","19":"pa_size-3xl","20":"pa_size-4xl","21":"pa_size-5xl","22":"pa_vnutornymaterial-100polyester","23":"pa_vonkajsimaterial-100polyester","25":"first","26":"instock","27":"taxable","28":"shipping-taxable","29":"purchasable","30":"product-type-variable","31":"has-default-attributes"},"acf":[],"_links":{"self":[{"href":"https:\/\/www.elvesport.com\/en\/wp-json\/wp\/v2\/product\/41660","targetHints":{"allow":["GET"]}}],"collection":[{"href":"https:\/\/www.elvesport.com\/en\/wp-json\/wp\/v2\/product"}],"about":[{"href":"https:\/\/www.elvesport.com\/en\/wp-json\/wp\/v2\/types\/product"}],"replies":[{"embeddable":true,"href":"https:\/\/www.elvesport.com\/en\/wp-json\/wp\/v2\/comments?post=41660"}],"version-history":[{"count":2,"href":"https:\/\/www.elvesport.com\/en\/wp-json\/wp\/v2\/product\/41660\/revisions"}],"predecessor-version":[{"id":247123,"href":"https:\/\/www.elvesport.com\/en\/wp-json\/wp\/v2\/product\/41660\/revisions\/247123"}],"wp:featuredmedia":[{"embeddable":true,"href":"https:\/\/www.elvesport.com\/en\/wp-json\/wp\/v2\/media\/41659"}],"wp:attachment":[{"href":"https:\/\/www.elvesport.com\/en\/wp-json\/wp\/v2\/media?parent=41660"}],"wp:term":[{"taxonomy":"product_brand","embeddable":true,"href":"https:\/\/www.elvesport.com\/en\/wp-json\/wp\/v2\/product_brand?post=41660"},{"taxonomy":"product_cat","embeddable":true,"href":"https:\/\/www.elvesport.com\/en\/wp-json\/wp\/v2\/product_cat?post=41660"},{"taxonomy":"product_tag","embeddable":true,"href":"https:\/\/www.elvesport.com\/en\/wp-json\/wp\/v2\/product_tag?post=41660"}],"curies":[{"name":"wp","href":"https:\/\/api.w.org\/{rel}","templated":true}]}}