{"id":41722,"date":"2022-01-19T12:01:36","date_gmt":"2022-01-19T11:01:36","guid":{"rendered":"http:\/\/www.elvesport.com\/basic-media-iskra\/"},"modified":"2025-01-15T15:05:07","modified_gmt":"2025-01-15T14:05:07","slug":"basic-media-iskra","status":"publish","type":"product","link":"https:\/\/www.elvesport.com\/en\/basic-media-iskra\/","title":{"rendered":"BASIC MEDIA ISKRA"},"content":{"rendered":"","protected":false},"excerpt":{"rendered":"<p>Cestovn\u00e1 ta\u0161ka s kor\u00fdtkom na obuv s 3D logom M\u0160KI.<\/p>\n","protected":false},"featured_media":41721,"comment_status":"closed","ping_status":"closed","template":"","meta":{"_acf_changed":false},"product_brand":[],"product_cat":[1192],"product_tag":[],"class_list":{"0":"post-41722","1":"product","2":"type-product","3":"status-publish","4":"has-post-thumbnail","6":"product_cat-msk-iskra-petrzalka","8":"first","9":"instock","10":"taxable","11":"shipping-taxable","12":"purchasable","13":"product-type-simple"},"acf":[],"_links":{"self":[{"href":"https:\/\/www.elvesport.com\/en\/wp-json\/wp\/v2\/product\/41722","targetHints":{"allow":["GET"]}}],"collection":[{"href":"https:\/\/www.elvesport.com\/en\/wp-json\/wp\/v2\/product"}],"about":[{"href":"https:\/\/www.elvesport.com\/en\/wp-json\/wp\/v2\/types\/product"}],"replies":[{"embeddable":true,"href":"https:\/\/www.elvesport.com\/en\/wp-json\/wp\/v2\/comments?post=41722"}],"version-history":[{"count":3,"href":"https:\/\/www.elvesport.com\/en\/wp-json\/wp\/v2\/product\/41722\/revisions"}],"predecessor-version":[{"id":264031,"href":"https:\/\/www.elvesport.com\/en\/wp-json\/wp\/v2\/product\/41722\/revisions\/264031"}],"wp:featuredmedia":[{"embeddable":true,"href":"https:\/\/www.elvesport.com\/en\/wp-json\/wp\/v2\/media\/41721"}],"wp:attachment":[{"href":"https:\/\/www.elvesport.com\/en\/wp-json\/wp\/v2\/media?parent=41722"}],"wp:term":[{"taxonomy":"product_brand","embeddable":true,"href":"https:\/\/www.elvesport.com\/en\/wp-json\/wp\/v2\/product_brand?post=41722"},{"taxonomy":"product_cat","embeddable":true,"href":"https:\/\/www.elvesport.com\/en\/wp-json\/wp\/v2\/product_cat?post=41722"},{"taxonomy":"product_tag","embeddable":true,"href":"https:\/\/www.elvesport.com\/en\/wp-json\/wp\/v2\/product_tag?post=41722"}],"curies":[{"name":"wp","href":"https:\/\/api.w.org\/{rel}","templated":true}]}}