{"id":41729,"date":"2022-01-19T13:49:42","date_gmt":"2022-01-19T12:49:42","guid":{"rendered":"http:\/\/www.elvesport.com\/towel-iskra\/"},"modified":"2025-01-10T14:10:04","modified_gmt":"2025-01-10T13:10:04","slug":"towel-iskra","status":"publish","type":"product","link":"https:\/\/www.elvesport.com\/en\/towel-iskra\/","title":{"rendered":"UTER\u00c1K \/ OSU\u0160KA ISKRA F22"},"content":{"rendered":"","protected":false},"excerpt":{"rendered":"<p>Uter\u00e1k v troch rozli\u010dn\u00fdch ve\u013ekostiach s origin\u00e1lnou grafikou M\u0160KI.<\/p>\n","protected":false},"featured_media":244927,"comment_status":"closed","ping_status":"closed","template":"","meta":{"_acf_changed":false},"product_brand":[],"product_cat":[1192],"product_tag":[],"class_list":{"0":"post-41729","1":"product","2":"type-product","3":"status-publish","4":"has-post-thumbnail","6":"product_cat-msk-iskra-petrzalka","7":"pa_size-150x100cm","8":"pa_size-105x50cm","9":"pa_size-50x30cm","11":"first","12":"instock","13":"taxable","14":"shipping-taxable","15":"purchasable","16":"product-type-variable","17":"has-default-attributes"},"acf":[],"_links":{"self":[{"href":"https:\/\/www.elvesport.com\/en\/wp-json\/wp\/v2\/product\/41729","targetHints":{"allow":["GET"]}}],"collection":[{"href":"https:\/\/www.elvesport.com\/en\/wp-json\/wp\/v2\/product"}],"about":[{"href":"https:\/\/www.elvesport.com\/en\/wp-json\/wp\/v2\/types\/product"}],"replies":[{"embeddable":true,"href":"https:\/\/www.elvesport.com\/en\/wp-json\/wp\/v2\/comments?post=41729"}],"version-history":[{"count":2,"href":"https:\/\/www.elvesport.com\/en\/wp-json\/wp\/v2\/product\/41729\/revisions"}],"predecessor-version":[{"id":248368,"href":"https:\/\/www.elvesport.com\/en\/wp-json\/wp\/v2\/product\/41729\/revisions\/248368"}],"wp:featuredmedia":[{"embeddable":true,"href":"https:\/\/www.elvesport.com\/en\/wp-json\/wp\/v2\/media\/244927"}],"wp:attachment":[{"href":"https:\/\/www.elvesport.com\/en\/wp-json\/wp\/v2\/media?parent=41729"}],"wp:term":[{"taxonomy":"product_brand","embeddable":true,"href":"https:\/\/www.elvesport.com\/en\/wp-json\/wp\/v2\/product_brand?post=41729"},{"taxonomy":"product_cat","embeddable":true,"href":"https:\/\/www.elvesport.com\/en\/wp-json\/wp\/v2\/product_cat?post=41729"},{"taxonomy":"product_tag","embeddable":true,"href":"https:\/\/www.elvesport.com\/en\/wp-json\/wp\/v2\/product_tag?post=41729"}],"curies":[{"name":"wp","href":"https:\/\/api.w.org\/{rel}","templated":true}]}}