{"id":41756,"date":"2022-01-19T14:12:30","date_gmt":"2022-01-19T13:12:30","guid":{"rendered":"http:\/\/www.elvesport.com\/t-shirt-futbalova-rodina-f22\/"},"modified":"2024-01-11T09:06:15","modified_gmt":"2024-01-11T08:06:15","slug":"t-shirt-futbalova-rodina-f22","status":"publish","type":"product","link":"https:\/\/www.elvesport.com\/en\/t-shirt-futbalova-rodina-f22\/","title":{"rendered":"TRI\u010cKO FUTBALOV\u00c1 RODINA F22"},"content":{"rendered":"","protected":false},"excerpt":{"rendered":"<p>Bavlnen\u00e9 tri\u010dko s origin\u00e1lnou grafikou M\u0160KI.<\/p>\n","protected":false},"featured_media":41754,"comment_status":"closed","ping_status":"closed","template":"","meta":{"_acf_changed":false},"product_brand":[],"product_cat":[1192],"product_tag":[],"class_list":{"0":"post-41756","1":"product","2":"type-product","3":"status-publish","4":"has-post-thumbnail","6":"product_cat-msk-iskra-petrzalka","7":"pa_size-2yxs","8":"pa_size-yxs","9":"pa_size-xxs","10":"pa_size-xs","11":"pa_size-s","12":"pa_size-m","13":"pa_size-l","14":"pa_size-xl","15":"pa_size-xxl","16":"pa_size-3xl","17":"pa_vnutornymaterial-100cotton","18":"pa_vonkajsimaterial-100cotton","20":"first","21":"instock","22":"taxable","23":"shipping-taxable","24":"purchasable","25":"product-type-variable","26":"has-default-attributes"},"acf":[],"_links":{"self":[{"href":"https:\/\/www.elvesport.com\/en\/wp-json\/wp\/v2\/product\/41756","targetHints":{"allow":["GET"]}}],"collection":[{"href":"https:\/\/www.elvesport.com\/en\/wp-json\/wp\/v2\/product"}],"about":[{"href":"https:\/\/www.elvesport.com\/en\/wp-json\/wp\/v2\/types\/product"}],"replies":[{"embeddable":true,"href":"https:\/\/www.elvesport.com\/en\/wp-json\/wp\/v2\/comments?post=41756"}],"version-history":[{"count":3,"href":"https:\/\/www.elvesport.com\/en\/wp-json\/wp\/v2\/product\/41756\/revisions"}],"predecessor-version":[{"id":263943,"href":"https:\/\/www.elvesport.com\/en\/wp-json\/wp\/v2\/product\/41756\/revisions\/263943"}],"wp:featuredmedia":[{"embeddable":true,"href":"https:\/\/www.elvesport.com\/en\/wp-json\/wp\/v2\/media\/41754"}],"wp:attachment":[{"href":"https:\/\/www.elvesport.com\/en\/wp-json\/wp\/v2\/media?parent=41756"}],"wp:term":[{"taxonomy":"product_brand","embeddable":true,"href":"https:\/\/www.elvesport.com\/en\/wp-json\/wp\/v2\/product_brand?post=41756"},{"taxonomy":"product_cat","embeddable":true,"href":"https:\/\/www.elvesport.com\/en\/wp-json\/wp\/v2\/product_cat?post=41756"},{"taxonomy":"product_tag","embeddable":true,"href":"https:\/\/www.elvesport.com\/en\/wp-json\/wp\/v2\/product_tag?post=41756"}],"curies":[{"name":"wp","href":"https:\/\/api.w.org\/{rel}","templated":true}]}}