{"id":274843,"date":"2022-04-08T21:21:11","date_gmt":"2022-04-08T19:21:11","guid":{"rendered":"https:\/\/www.elvesport.com\/carrello\/"},"modified":"2025-06-23T18:45:31","modified_gmt":"2025-06-23T16:45:31","slug":"carrello","status":"publish","type":"page","link":"https:\/\/www.elvesport.com\/it\/carrello\/","title":{"rendered":"Carrello"},"content":{"rendered":"<div class=\"woocommerce\"><div class=\"woocommerce-notices-wrapper\"><\/div><div class=\"wc-empty-cart-message\">\n\t<div class=\"cart-empty woocommerce-info\" role=\"status\">\n\t\tIl tuo carrello \u00e8 vuoto.\t<\/div>\n<\/div>\t\t<p class=\"cart-empty wd-empty-page wc-empty-cart-message\">\n\t\t\tIl tuo carrello \u00e8 vuoto.\t\t<\/p>\n\t\t\t\t\t\t<div class=\"wd-empty-page-text\">\n\t\t\t\tPred prechodom k pokladni mus\u00edte do n\u00e1kupn\u00e9ho ko\u0161\u00edka prida\u0165 nejak\u00e9 produkty.<br> Na na\u0161ej str\u00e1nke \"Obchod\" n\u00e1jdete mno\u017estvo zauj\u00edmav\u00fdch produktov.\t\t\t<\/div>\n\t\t\t\t<p class=\"return-to-shop\">\n\t\t<a class=\"button wc-backward\" href=\"https:\/\/www.elvesport.com\/it\/negozio\/\">\n\t\t\tRitorna al negozio\t\t<\/a>\n\t<\/p>\n<\/div>\n","protected":false},"excerpt":{"rendered":"","protected":false},"author":1,"featured_media":0,"parent":0,"menu_order":0,"comment_status":"closed","ping_status":"closed","template":"","meta":{"_acf_changed":false,"footnotes":""},"class_list":["post-274843","page","type-page","status-publish","hentry"],"acf":[],"_links":{"self":[{"href":"https:\/\/www.elvesport.com\/it\/wp-json\/wp\/v2\/pages\/274843","targetHints":{"allow":["GET"]}}],"collection":[{"href":"https:\/\/www.elvesport.com\/it\/wp-json\/wp\/v2\/pages"}],"about":[{"href":"https:\/\/www.elvesport.com\/it\/wp-json\/wp\/v2\/types\/page"}],"author":[{"embeddable":true,"href":"https:\/\/www.elvesport.com\/it\/wp-json\/wp\/v2\/users\/1"}],"replies":[{"embeddable":true,"href":"https:\/\/www.elvesport.com\/it\/wp-json\/wp\/v2\/comments?post=274843"}],"version-history":[{"count":0,"href":"https:\/\/www.elvesport.com\/it\/wp-json\/wp\/v2\/pages\/274843\/revisions"}],"wp:attachment":[{"href":"https:\/\/www.elvesport.com\/it\/wp-json\/wp\/v2\/media?parent=274843"}],"curies":[{"name":"wp","href":"https:\/\/api.w.org\/{rel}","templated":true}]}}