{"id":245759,"date":"2022-08-16T14:23:47","date_gmt":"2022-08-16T12:23:47","guid":{"rendered":"https:\/\/www.elvesport.com\/?post_type=product&#038;p=245759"},"modified":"2026-05-06T10:06:16","modified_gmt":"2026-05-06T08:06:16","slug":"davis-treningova-mikina-vion-22","status":"publish","type":"product","link":"https:\/\/www.elvesport.com\/it\/davis-treningova-mikina-vion-22\/","title":{"rendered":"DAVIS TR\u00c9NINGOV\u00c1 MIKINA VION 22"},"content":{"rendered":"","protected":false},"excerpt":{"rendered":"<p>POZOR !<\/p>\n<p>Produkt sa dopred\u00e1va a v momente objednania nemus\u00ed by\u0165 u\u017e dostupn\u00fd na sklade.<\/p>\n<p>Na produkt je mo\u017en\u00e9 uplatni\u0165 z\u013eavov\u00fd k\u00f3d klubu FC VION<\/p>\n","protected":false},"featured_media":245772,"comment_status":"closed","ping_status":"closed","template":"","meta":{"_acf_changed":false},"product_brand":[],"product_cat":[2814],"product_tag":[],"class_list":{"0":"post-245759","1":"product","2":"type-product","3":"status-publish","4":"has-post-thumbnail","6":"product_cat-fc-vion-zlate-moravce","7":"pa_color-modra","8":"pa_material-100-poliester","9":"pa_size-2yxs","10":"pa_size-yxs","11":"pa_size-xxs","12":"pa_size-xs","13":"pa_size-s","14":"pa_size-m","15":"pa_size-l","16":"pa_size-xl","17":"pa_size-2xl","18":"pa_size-3xl","19":"pa_size-4xl","21":"first","22":"instock","23":"taxable","24":"shipping-taxable","25":"purchasable","26":"product-type-variable"},"acf":[],"_links":{"self":[{"href":"https:\/\/www.elvesport.com\/it\/wp-json\/wp\/v2\/product\/245759","targetHints":{"allow":["GET"]}}],"collection":[{"href":"https:\/\/www.elvesport.com\/it\/wp-json\/wp\/v2\/product"}],"about":[{"href":"https:\/\/www.elvesport.com\/it\/wp-json\/wp\/v2\/types\/product"}],"replies":[{"embeddable":true,"href":"https:\/\/www.elvesport.com\/it\/wp-json\/wp\/v2\/comments?post=245759"}],"version-history":[{"count":3,"href":"https:\/\/www.elvesport.com\/it\/wp-json\/wp\/v2\/product\/245759\/revisions"}],"predecessor-version":[{"id":304628,"href":"https:\/\/www.elvesport.com\/it\/wp-json\/wp\/v2\/product\/245759\/revisions\/304628"}],"wp:featuredmedia":[{"embeddable":true,"href":"https:\/\/www.elvesport.com\/it\/wp-json\/wp\/v2\/media\/245772"}],"wp:attachment":[{"href":"https:\/\/www.elvesport.com\/it\/wp-json\/wp\/v2\/media?parent=245759"}],"wp:term":[{"taxonomy":"product_brand","embeddable":true,"href":"https:\/\/www.elvesport.com\/it\/wp-json\/wp\/v2\/product_brand?post=245759"},{"taxonomy":"product_cat","embeddable":true,"href":"https:\/\/www.elvesport.com\/it\/wp-json\/wp\/v2\/product_cat?post=245759"},{"taxonomy":"product_tag","embeddable":true,"href":"https:\/\/www.elvesport.com\/it\/wp-json\/wp\/v2\/product_tag?post=245759"}],"curies":[{"name":"wp","href":"https:\/\/api.w.org\/{rel}","templated":true}]}}