{"id":247837,"date":"2022-11-18T12:00:54","date_gmt":"2022-11-18T11:00:54","guid":{"rendered":"https:\/\/www.elvesport.com\/?post_type=product&#038;p=247837"},"modified":"2025-01-13T15:52:54","modified_gmt":"2025-01-13T14:52:54","slug":"blake-fcpa","status":"publish","type":"product","link":"https:\/\/www.elvesport.com\/it\/blake-fcpa\/","title":{"rendered":"BLAKE FC PETR\u017dALKA TR\u00c9NINGOV\u00c1 MIKINA"},"content":{"rendered":"","protected":false},"excerpt":{"rendered":"<p>Tr\u00e9ningov\u00e1 mikina\u00a0BLAKE s logom FC Petr\u017ealka, s inici\u00e1lami hr\u00e1\u010da pod logom ERREA.<\/p>\n","protected":false},"featured_media":266714,"comment_status":"closed","ping_status":"closed","template":"","meta":{"_acf_changed":false},"product_brand":[],"product_cat":[2608],"product_tag":[],"class_list":{"0":"post-247837","1":"product","2":"type-product","3":"status-publish","4":"has-post-thumbnail","6":"product_cat-fc-petrzalka","7":"pa_size-yxs","8":"pa_size-xxs","9":"pa_size-xs","10":"pa_size-s","11":"pa_size-m","12":"pa_size-l","13":"pa_size-xl","14":"pa_size-2xl","15":"pa_size-3xl","17":"first","18":"instock","19":"taxable","20":"shipping-taxable","21":"purchasable","22":"product-type-variable"},"acf":[],"_links":{"self":[{"href":"https:\/\/www.elvesport.com\/it\/wp-json\/wp\/v2\/product\/247837","targetHints":{"allow":["GET"]}}],"collection":[{"href":"https:\/\/www.elvesport.com\/it\/wp-json\/wp\/v2\/product"}],"about":[{"href":"https:\/\/www.elvesport.com\/it\/wp-json\/wp\/v2\/types\/product"}],"replies":[{"embeddable":true,"href":"https:\/\/www.elvesport.com\/it\/wp-json\/wp\/v2\/comments?post=247837"}],"version-history":[{"count":5,"href":"https:\/\/www.elvesport.com\/it\/wp-json\/wp\/v2\/product\/247837\/revisions"}],"predecessor-version":[{"id":266717,"href":"https:\/\/www.elvesport.com\/it\/wp-json\/wp\/v2\/product\/247837\/revisions\/266717"}],"wp:featuredmedia":[{"embeddable":true,"href":"https:\/\/www.elvesport.com\/it\/wp-json\/wp\/v2\/media\/266714"}],"wp:attachment":[{"href":"https:\/\/www.elvesport.com\/it\/wp-json\/wp\/v2\/media?parent=247837"}],"wp:term":[{"taxonomy":"product_brand","embeddable":true,"href":"https:\/\/www.elvesport.com\/it\/wp-json\/wp\/v2\/product_brand?post=247837"},{"taxonomy":"product_cat","embeddable":true,"href":"https:\/\/www.elvesport.com\/it\/wp-json\/wp\/v2\/product_cat?post=247837"},{"taxonomy":"product_tag","embeddable":true,"href":"https:\/\/www.elvesport.com\/it\/wp-json\/wp\/v2\/product_tag?post=247837"}],"curies":[{"name":"wp","href":"https:\/\/api.w.org\/{rel}","templated":true}]}}