{"id":248346,"date":"2022-11-18T11:23:12","date_gmt":"2022-11-18T10:23:12","guid":{"rendered":"https:\/\/www.elvesport.com\/?post_type=product&#038;p=248346"},"modified":"2025-01-13T15:52:01","modified_gmt":"2025-01-13T14:52:01","slug":"fcpa-madison-u11-treningova-mikina","status":"publish","type":"product","link":"https:\/\/www.elvesport.com\/it\/fcpa-madison-u11-treningova-mikina\/","title":{"rendered":"MADISON U11 FC PETR\u017dALKA TR\u00c9NINGOV\u00c1 MIKINA"},"content":{"rendered":"","protected":false},"excerpt":{"rendered":"<p><span style=\"color: #993300;\">Tr\u00e9ningov\u00e1 mikina FCPA ur\u010den\u00e1 pre kateg\u00f3rie U6 &#8211; U11.\u00a0<\/span><\/p>\n","protected":false},"featured_media":266692,"comment_status":"closed","ping_status":"closed","template":"","meta":{"_acf_changed":false},"product_brand":[],"product_cat":[2608],"product_tag":[3017],"class_list":{"0":"post-248346","1":"product","2":"type-product","3":"status-publish","4":"has-post-thumbnail","6":"product_cat-fc-petrzalka","7":"product_tag-personalizacia","8":"product_shipping_class-perzonalised","9":"pa_color-cierna","10":"pa_size-3yxs","11":"pa_size-2yxs","12":"pa_size-yxs","13":"pa_size-xxs","14":"pa_size-xs","15":"pa_size-s","16":"pa_size-m","17":"pa_size-l","18":"pa_size-xl","19":"pa_size-2xl","20":"pa_size-3xl","21":"pa_vonkajsimaterial-100polyester","23":"first","24":"instock","25":"taxable","26":"shipping-taxable","27":"purchasable","28":"product-type-variable"},"acf":[],"_links":{"self":[{"href":"https:\/\/www.elvesport.com\/it\/wp-json\/wp\/v2\/product\/248346","targetHints":{"allow":["GET"]}}],"collection":[{"href":"https:\/\/www.elvesport.com\/it\/wp-json\/wp\/v2\/product"}],"about":[{"href":"https:\/\/www.elvesport.com\/it\/wp-json\/wp\/v2\/types\/product"}],"replies":[{"embeddable":true,"href":"https:\/\/www.elvesport.com\/it\/wp-json\/wp\/v2\/comments?post=248346"}],"version-history":[{"count":5,"href":"https:\/\/www.elvesport.com\/it\/wp-json\/wp\/v2\/product\/248346\/revisions"}],"predecessor-version":[{"id":266697,"href":"https:\/\/www.elvesport.com\/it\/wp-json\/wp\/v2\/product\/248346\/revisions\/266697"}],"wp:featuredmedia":[{"embeddable":true,"href":"https:\/\/www.elvesport.com\/it\/wp-json\/wp\/v2\/media\/266692"}],"wp:attachment":[{"href":"https:\/\/www.elvesport.com\/it\/wp-json\/wp\/v2\/media?parent=248346"}],"wp:term":[{"taxonomy":"product_brand","embeddable":true,"href":"https:\/\/www.elvesport.com\/it\/wp-json\/wp\/v2\/product_brand?post=248346"},{"taxonomy":"product_cat","embeddable":true,"href":"https:\/\/www.elvesport.com\/it\/wp-json\/wp\/v2\/product_cat?post=248346"},{"taxonomy":"product_tag","embeddable":true,"href":"https:\/\/www.elvesport.com\/it\/wp-json\/wp\/v2\/product_tag?post=248346"}],"curies":[{"name":"wp","href":"https:\/\/api.w.org\/{rel}","templated":true}]}}