{"id":248385,"date":"2022-11-18T11:51:43","date_gmt":"2022-11-18T10:51:43","guid":{"rendered":"https:\/\/www.elvesport.com\/?post_type=product&#038;p=248385"},"modified":"2025-01-13T15:56:41","modified_gmt":"2025-01-13T14:56:41","slug":"set-madison-nevis-3-0-u11-vychadzkova-suprava","status":"publish","type":"product","link":"https:\/\/www.elvesport.com\/it\/set-madison-nevis-3-0-u11-vychadzkova-suprava\/","title":{"rendered":"SET MADISON + NEVIS 3.0 U11 TR\u00c9NINGOV\u00c1 S\u00daPRAVA FC PETR\u017dALKA"},"content":{"rendered":"","protected":false},"excerpt":{"rendered":"<p><span style=\"color: #993300;\">Tr\u00e9ningov\u00e1 s\u00faprava FCPA ur\u010den\u00e1 pre kateg\u00f3rie U6 &#8211; U11.\u00a0<\/span><\/p>\n","protected":false},"featured_media":266691,"comment_status":"closed","ping_status":"closed","template":"","meta":{"_acf_changed":false},"product_brand":[],"product_cat":[2608],"product_tag":[],"class_list":{"0":"post-248385","1":"product","2":"type-product","3":"status-publish","4":"has-post-thumbnail","6":"product_cat-fc-petrzalka","8":"first","9":"instock","10":"sale","11":"taxable","12":"shipping-taxable","13":"purchasable","14":"product-type-woosb"},"acf":[],"_links":{"self":[{"href":"https:\/\/www.elvesport.com\/it\/wp-json\/wp\/v2\/product\/248385","targetHints":{"allow":["GET"]}}],"collection":[{"href":"https:\/\/www.elvesport.com\/it\/wp-json\/wp\/v2\/product"}],"about":[{"href":"https:\/\/www.elvesport.com\/it\/wp-json\/wp\/v2\/types\/product"}],"replies":[{"embeddable":true,"href":"https:\/\/www.elvesport.com\/it\/wp-json\/wp\/v2\/comments?post=248385"}],"version-history":[{"count":5,"href":"https:\/\/www.elvesport.com\/it\/wp-json\/wp\/v2\/product\/248385\/revisions"}],"predecessor-version":[{"id":266702,"href":"https:\/\/www.elvesport.com\/it\/wp-json\/wp\/v2\/product\/248385\/revisions\/266702"}],"wp:featuredmedia":[{"embeddable":true,"href":"https:\/\/www.elvesport.com\/it\/wp-json\/wp\/v2\/media\/266691"}],"wp:attachment":[{"href":"https:\/\/www.elvesport.com\/it\/wp-json\/wp\/v2\/media?parent=248385"}],"wp:term":[{"taxonomy":"product_brand","embeddable":true,"href":"https:\/\/www.elvesport.com\/it\/wp-json\/wp\/v2\/product_brand?post=248385"},{"taxonomy":"product_cat","embeddable":true,"href":"https:\/\/www.elvesport.com\/it\/wp-json\/wp\/v2\/product_cat?post=248385"},{"taxonomy":"product_tag","embeddable":true,"href":"https:\/\/www.elvesport.com\/it\/wp-json\/wp\/v2\/product_tag?post=248385"}],"curies":[{"name":"wp","href":"https:\/\/api.w.org\/{rel}","templated":true}]}}