{"id":248505,"date":"2023-02-14T13:50:45","date_gmt":"2023-02-14T12:50:45","guid":{"rendered":"https:\/\/www.elvesport.com\/?post_type=product&#038;p=248505"},"modified":"2025-01-14T15:46:11","modified_gmt":"2025-01-14T14:46:11","slug":"madison-sk-vrakuna-treningova-mikina","status":"publish","type":"product","link":"https:\/\/www.elvesport.com\/it\/madison-sk-vrakuna-treningova-mikina\/","title":{"rendered":"TR\u00c9NINGOV\u00c1 MIKINA \u0160K VRAKU\u0147A MADISON"},"content":{"rendered":"","protected":false},"excerpt":{"rendered":"","protected":false},"featured_media":255038,"comment_status":"closed","ping_status":"closed","template":"","meta":{"_acf_changed":false},"product_brand":[],"product_cat":[2871],"product_tag":[],"class_list":{"0":"post-248505","1":"product","2":"type-product","3":"status-publish","4":"has-post-thumbnail","6":"product_cat-sk-vrakuna","7":"pa_color-kralovskamodra","8":"pa_pohlavie-unisex","9":"pa_size-3yxs","10":"pa_size-2yxs","11":"pa_size-yxs","12":"pa_size-xxs","13":"pa_size-xs","14":"pa_size-s","15":"pa_size-m","16":"pa_size-l","17":"pa_size-xl","18":"pa_size-xxl","19":"pa_size-3xl","20":"pa_vnutornymaterial-100polyester","21":"pa_vonkajsimaterial-100polyester","23":"first","24":"instock","25":"taxable","26":"shipping-taxable","27":"purchasable","28":"product-type-variable"},"acf":[],"_links":{"self":[{"href":"https:\/\/www.elvesport.com\/it\/wp-json\/wp\/v2\/product\/248505","targetHints":{"allow":["GET"]}}],"collection":[{"href":"https:\/\/www.elvesport.com\/it\/wp-json\/wp\/v2\/product"}],"about":[{"href":"https:\/\/www.elvesport.com\/it\/wp-json\/wp\/v2\/types\/product"}],"replies":[{"embeddable":true,"href":"https:\/\/www.elvesport.com\/it\/wp-json\/wp\/v2\/comments?post=248505"}],"version-history":[{"count":6,"href":"https:\/\/www.elvesport.com\/it\/wp-json\/wp\/v2\/product\/248505\/revisions"}],"predecessor-version":[{"id":272181,"href":"https:\/\/www.elvesport.com\/it\/wp-json\/wp\/v2\/product\/248505\/revisions\/272181"}],"wp:featuredmedia":[{"embeddable":true,"href":"https:\/\/www.elvesport.com\/it\/wp-json\/wp\/v2\/media\/255038"}],"wp:attachment":[{"href":"https:\/\/www.elvesport.com\/it\/wp-json\/wp\/v2\/media?parent=248505"}],"wp:term":[{"taxonomy":"product_brand","embeddable":true,"href":"https:\/\/www.elvesport.com\/it\/wp-json\/wp\/v2\/product_brand?post=248505"},{"taxonomy":"product_cat","embeddable":true,"href":"https:\/\/www.elvesport.com\/it\/wp-json\/wp\/v2\/product_cat?post=248505"},{"taxonomy":"product_tag","embeddable":true,"href":"https:\/\/www.elvesport.com\/it\/wp-json\/wp\/v2\/product_tag?post=248505"}],"curies":[{"name":"wp","href":"https:\/\/api.w.org\/{rel}","templated":true}]}}