{"id":248522,"date":"2022-11-18T15:39:59","date_gmt":"2022-11-18T14:39:59","guid":{"rendered":"https:\/\/www.elvesport.com\/?post_type=product&#038;p=248522"},"modified":"2025-01-14T15:07:32","modified_gmt":"2025-01-14T14:07:32","slug":"nevis-treningove-teplaky-slovan-levice","status":"publish","type":"product","link":"https:\/\/www.elvesport.com\/it\/nevis-treningove-teplaky-slovan-levice\/","title":{"rendered":"NEVIS TR\u00c9NINGOV\u00c9 TEPL\u00c1KY SLOVAN LEVICE"},"content":{"rendered":"","protected":false},"excerpt":{"rendered":"<p>Tr\u00e9ningov\u00e9 tepl\u00e1ky NEVIS FK SLOVAN LEVICE s inici\u00e1lami hr\u00e1\u010da oproti logu ERREA<\/p>\n","protected":false},"featured_media":248593,"comment_status":"closed","ping_status":"closed","template":"","meta":{"_acf_changed":false},"product_brand":[],"product_cat":[1191],"product_tag":[],"class_list":{"0":"post-248522","1":"product","2":"type-product","3":"status-publish","4":"has-post-thumbnail","6":"product_cat-fk-slovan-levice","7":"pa_color-cierna","8":"pa_pohlavie-muz","9":"pa_pohlavie-unisex","10":"pa_size-2yxs","11":"pa_size-yxs","12":"pa_size-xxs","13":"pa_size-xs","14":"pa_size-s","15":"pa_size-m","16":"pa_size-l","17":"pa_size-xl","18":"pa_size-xxl","19":"pa_size-3xl","20":"pa_vnutornymaterial-100polyester","21":"pa_vonkajsimaterial-100polyester","23":"first","24":"instock","25":"taxable","26":"shipping-taxable","27":"purchasable","28":"product-type-variable"},"acf":[],"_links":{"self":[{"href":"https:\/\/www.elvesport.com\/it\/wp-json\/wp\/v2\/product\/248522","targetHints":{"allow":["GET"]}}],"collection":[{"href":"https:\/\/www.elvesport.com\/it\/wp-json\/wp\/v2\/product"}],"about":[{"href":"https:\/\/www.elvesport.com\/it\/wp-json\/wp\/v2\/types\/product"}],"replies":[{"embeddable":true,"href":"https:\/\/www.elvesport.com\/it\/wp-json\/wp\/v2\/comments?post=248522"}],"version-history":[{"count":3,"href":"https:\/\/www.elvesport.com\/it\/wp-json\/wp\/v2\/product\/248522\/revisions"}],"predecessor-version":[{"id":269618,"href":"https:\/\/www.elvesport.com\/it\/wp-json\/wp\/v2\/product\/248522\/revisions\/269618"}],"wp:featuredmedia":[{"embeddable":true,"href":"https:\/\/www.elvesport.com\/it\/wp-json\/wp\/v2\/media\/248593"}],"wp:attachment":[{"href":"https:\/\/www.elvesport.com\/it\/wp-json\/wp\/v2\/media?parent=248522"}],"wp:term":[{"taxonomy":"product_brand","embeddable":true,"href":"https:\/\/www.elvesport.com\/it\/wp-json\/wp\/v2\/product_brand?post=248522"},{"taxonomy":"product_cat","embeddable":true,"href":"https:\/\/www.elvesport.com\/it\/wp-json\/wp\/v2\/product_cat?post=248522"},{"taxonomy":"product_tag","embeddable":true,"href":"https:\/\/www.elvesport.com\/it\/wp-json\/wp\/v2\/product_tag?post=248522"}],"curies":[{"name":"wp","href":"https:\/\/api.w.org\/{rel}","templated":true}]}}