{"id":254013,"date":"2023-02-14T14:15:39","date_gmt":"2023-02-14T13:15:39","guid":{"rendered":"https:\/\/www.elvesport.com\/?post_type=product&#038;p=254013"},"modified":"2025-01-14T15:54:20","modified_gmt":"2025-01-14T14:54:20","slug":"new-skin-trenky-sk-vrakuna","status":"publish","type":"product","link":"https:\/\/www.elvesport.com\/it\/new-skin-trenky-sk-vrakuna\/","title":{"rendered":"TR\u00c9NINGOV\u00c9 TRENKY \u0160K VRAKU\u0147A NEW SKIN"},"content":{"rendered":"","protected":false},"excerpt":{"rendered":"","protected":false},"featured_media":255036,"comment_status":"closed","ping_status":"closed","template":"","meta":{"_acf_changed":false},"product_brand":[],"product_cat":[2871],"product_tag":[],"class_list":{"0":"post-254013","1":"product","2":"type-product","3":"status-publish","4":"has-post-thumbnail","6":"product_cat-sk-vrakuna","7":"pa_size-2yxs","8":"pa_size-yxs","9":"pa_size-xxs","10":"pa_size-xs","11":"pa_size-s","12":"pa_size-m","13":"pa_size-l","14":"pa_size-xl","15":"pa_size-xxl","16":"pa_vnutornymaterial-100polyester","17":"pa_vonkajsimaterial-100polyester","19":"first","20":"instock","21":"taxable","22":"shipping-taxable","23":"purchasable","24":"product-type-variable"},"acf":[],"_links":{"self":[{"href":"https:\/\/www.elvesport.com\/it\/wp-json\/wp\/v2\/product\/254013","targetHints":{"allow":["GET"]}}],"collection":[{"href":"https:\/\/www.elvesport.com\/it\/wp-json\/wp\/v2\/product"}],"about":[{"href":"https:\/\/www.elvesport.com\/it\/wp-json\/wp\/v2\/types\/product"}],"replies":[{"embeddable":true,"href":"https:\/\/www.elvesport.com\/it\/wp-json\/wp\/v2\/comments?post=254013"}],"version-history":[{"count":5,"href":"https:\/\/www.elvesport.com\/it\/wp-json\/wp\/v2\/product\/254013\/revisions"}],"predecessor-version":[{"id":272180,"href":"https:\/\/www.elvesport.com\/it\/wp-json\/wp\/v2\/product\/254013\/revisions\/272180"}],"wp:featuredmedia":[{"embeddable":true,"href":"https:\/\/www.elvesport.com\/it\/wp-json\/wp\/v2\/media\/255036"}],"wp:attachment":[{"href":"https:\/\/www.elvesport.com\/it\/wp-json\/wp\/v2\/media?parent=254013"}],"wp:term":[{"taxonomy":"product_brand","embeddable":true,"href":"https:\/\/www.elvesport.com\/it\/wp-json\/wp\/v2\/product_brand?post=254013"},{"taxonomy":"product_cat","embeddable":true,"href":"https:\/\/www.elvesport.com\/it\/wp-json\/wp\/v2\/product_cat?post=254013"},{"taxonomy":"product_tag","embeddable":true,"href":"https:\/\/www.elvesport.com\/it\/wp-json\/wp\/v2\/product_tag?post=254013"}],"curies":[{"name":"wp","href":"https:\/\/api.w.org\/{rel}","templated":true}]}}